{"id":14978,"date":"2024-03-26T15:51:02","date_gmt":"2024-03-26T07:51:02","guid":{"rendered":"http:\/\/www.erun-tech.com\/?post_type=product&#038;p=14978"},"modified":"2024-03-27T21:10:29","modified_gmt":"2024-03-27T13:10:29","slug":"changyongmifengjimifengdianpianhemifengtianliao","status":"publish","type":"product","link":"http:\/\/www.erun-tech.com\/vi\/product\/changyongmifengjimifengdianpianhemifengtianliao","title":{"rendered":"Ch\u1ea5t b\u1ecbt k\u00edn, mi\u1ebfng \u0111\u1ec7m b\u1ecbt k\u00edn v\u00e0 v\u1eadt li\u1ec7u b\u1ecbt k\u00edn th\u01b0\u1eddng d\u00f9ng"},"content":{"rendered":"<h2><\/h2>\n<h2 style=\"text-align: center;\">Ch\u1ea5t b\u1ecbt k\u00edn, mi\u1ebfng \u0111\u1ec7m b\u1ecbt k\u00edn v\u00e0 v\u1eadt li\u1ec7u b\u1ecbt k\u00edn th\u01b0\u1eddng d\u00f9ng<\/h2>\n<p>&nbsp;<\/p>\n<p><strong>C\u01a1 s\u1edf ph\u00e1p l\u00fd: \"Quy \u0111\u1ecbnh v\u1ec1 qu\u1ea3n l\u00fd \u0111\u00e0o t\u1ea1o thuy\u1ec1n vi\u00ean c\u1ee7a C\u1ed9ng h\u00f2a Nh\u00e2n d\u00e2n Trung Hoa\" (Ngh\u1ecb \u0111\u1ecbnh s\u1ed1 5 n\u0103m 2019 c\u1ee7a B\u1ed9 Giao th\u00f4ng V\u1eadn t\u1ea3i)<\/strong><\/p>\n<p><strong>Ph\u00e2n lo\u1ea1i s\u1ea3n ph\u1ea9m: Khu v\u1ef1c \u0111\u00e0o t\u1ea1o l\u1eafp r\u00e1p v\u00e0 th\u00e1o d\u1ee1<\/strong><\/p>\n<p><strong><strong>\u4ea7\u54c1\u540d\u79f0\uff1a\u5e38\u7528\u5bc6\u5c01\u5242\u3001\u5bc6\u5c01\u57ab\u7247\u548c\u5bc6\u5c01\u586b\u6599<\/strong><\/strong><\/p>\n<p><strong>Y\u00eau c\u1ea7u ch\u1ee9c n\u0103ng: \u0110\u00e1p \u1ee9ng y\u00eau c\u1ea7u c\u1ee7a ch\u01b0\u01a1ng tr\u00ecnh \u0111\u00e0o t\u1ea1o.<\/strong><\/p>\n<p><strong>S\u1ed1 l\u01b0\u1ee3ng quy \u0111\u1ecbnh: 5 b\u1ed9<\/strong><\/p>\n<p>&nbsp;<\/p>\n<p>\u5e38\u89c1\u7c7b\u578b\u7684\u5bc6\u5c01\u5242\u3001\u6db2\u529b\u5bc6\u5c01\u53ca\u5bc6\u5c01\u80f6\u5e26\uff0c\u5e38\u89c1\u7c7b\u578b\u7684\u975e\u91d1\u5c5e\u5bc6\u5c01\u57ab\u7247\u3001\u6709\u8272\u91d1\u5c5e\u5bc6\u5c01\u57ab\u7247\u3001\u91d1\u5c5e\u5bc6\u5c01\u57ab\u7247\u53ca\u534a\u91d1\u5c5e\u5bc6\u5c01\u57ab\u7247\uff0c\u5e38\u89c1\u7c7b\u578b\u7684O\u578b\u5bc6\u5c01\u5708\u3001\u538b\u76d6\u586b\u6599\u3001\u673a\u68b0\u5bc6\u5c01\u3001\u6cb9\u5bc6\u5c01\u53ca\u8ff7\u5bab\u5bc6\u5c01\u3002<\/p>\n<p>&nbsp;<\/p>\n<p>&nbsp;<\/p>\n<p>&nbsp;<\/p>\n<p>&nbsp;<\/p>","protected":false},"excerpt":{"rendered":"<p>\u5e38\u7528\u5bc6\u5c01\u5242\u3001\u5bc6\u5c01\u57ab\u7247\u548c\u5bc6\u5c01\u586b\u6599 &nbsp; \u6cd5\u5f8b\u4f9d\u636e\uff1a\u300a\u4e2d\u534e\u4eba\u6c11\u5171\u548c\u56fd\u8239\u5458\u57f9\u8bad\u7ba1\u7406\u89c4\u5219\u300b\uff08\u4ea4\u901a\u8fd0\u8f93\u90e8\u4ee4 20&hellip;<\/p>","protected":false},"featured_media":14505,"comment_status":"open","ping_status":"closed","template":"","meta":[],"product_brand":[],"product_cat":[316],"product_tag":[453,336,477,430],"class_list":{"0":"post-14978","1":"product","2":"type-product","3":"status-publish","4":"has-post-thumbnail","6":"product_cat-chaizhuangshixunshi","7":"product_tag-zhibanjigong","8":"product_tag-chuanyuanpeixunshebei","9":"product_tag-lunjiguanxifajian","10":"product_tag-lunjizhangdaguanlunsanguanlunpeixunshebei","11":"description-off","13":"first","14":"instock","15":"taxable","16":"shipping-taxable","17":"purchasable","18":"product-type-simple"},"_links":{"self":[{"href":"http:\/\/www.erun-tech.com\/vi\/wp-json\/wp\/v2\/product\/14978","targetHints":{"allow":["GET"]}}],"collection":[{"href":"http:\/\/www.erun-tech.com\/vi\/wp-json\/wp\/v2\/product"}],"about":[{"href":"http:\/\/www.erun-tech.com\/vi\/wp-json\/wp\/v2\/types\/product"}],"replies":[{"embeddable":true,"href":"http:\/\/www.erun-tech.com\/vi\/wp-json\/wp\/v2\/comments?post=14978"}],"wp:featuredmedia":[{"embeddable":true,"href":"http:\/\/www.erun-tech.com\/vi\/wp-json\/wp\/v2\/media\/14505"}],"wp:attachment":[{"href":"http:\/\/www.erun-tech.com\/vi\/wp-json\/wp\/v2\/media?parent=14978"}],"wp:term":[{"taxonomy":"product_brand","embeddable":true,"href":"http:\/\/www.erun-tech.com\/vi\/wp-json\/wp\/v2\/product_brand?post=14978"},{"taxonomy":"product_cat","embeddable":true,"href":"http:\/\/www.erun-tech.com\/vi\/wp-json\/wp\/v2\/product_cat?post=14978"},{"taxonomy":"product_tag","embeddable":true,"href":"http:\/\/www.erun-tech.com\/vi\/wp-json\/wp\/v2\/product_tag?post=14978"}],"curies":[{"name":"wp","href":"https:\/\/api.w.org\/{rel}","templated":true}]}}