{"id":14982,"date":"2024-03-26T15:56:45","date_gmt":"2024-03-26T07:56:45","guid":{"rendered":"http:\/\/www.erun-tech.com\/?post_type=product&#038;p=14982"},"modified":"2024-03-27T21:10:59","modified_gmt":"2024-03-27T13:10:59","slug":"kechaizhuangfajianluqi","status":"publish","type":"product","link":"http:\/\/www.erun-tech.com\/vi\/product\/kechaizhuangfajianluqi","title":{"rendered":"C\u00e1c b\u1ed9 ph\u1eadn van c\u00f3 th\u1ec3 th\u00e1o l\u1eafp, b\u1ed9 l\u1ecdc"},"content":{"rendered":"<h2><\/h2>\n<h2 style=\"text-align: center;\">C\u00e1c b\u1ed9 ph\u1eadn van c\u00f3 th\u1ec3 th\u00e1o l\u1eafp, b\u1ed9 l\u1ecdc<\/h2>\n<p>&nbsp;<\/p>\n<p><strong>C\u01a1 s\u1edf ph\u00e1p l\u00fd: \"Quy \u0111\u1ecbnh v\u1ec1 qu\u1ea3n l\u00fd \u0111\u00e0o t\u1ea1o thuy\u1ec1n vi\u00ean c\u1ee7a C\u1ed9ng h\u00f2a Nh\u00e2n d\u00e2n Trung Hoa\" (Ngh\u1ecb \u0111\u1ecbnh s\u1ed1 5 n\u0103m 2019 c\u1ee7a B\u1ed9 Giao th\u00f4ng V\u1eadn t\u1ea3i)<\/strong><\/p>\n<p><strong>Ph\u00e2n lo\u1ea1i s\u1ea3n ph\u1ea9m: Khu v\u1ef1c \u0111\u00e0o t\u1ea1o l\u1eafp r\u00e1p v\u00e0 th\u00e1o d\u1ee1<\/strong><\/p>\n<p><strong><strong>\u4ea7\u54c1\u540d\u79f0\uff1a\u53ef\u62c6\u88c5\u9600\u4ef6\u3001\u6ee4\u5668<\/strong><\/strong><\/p>\n<p><strong>Y\u00eau c\u1ea7u ch\u1ee9c n\u0103ng: \u0110\u00e1p \u1ee9ng y\u00eau c\u1ea7u c\u1ee7a ch\u01b0\u01a1ng tr\u00ecnh \u0111\u00e0o t\u1ea1o.<\/strong><\/p>\n<p><strong>S\u1ed1 l\u01b0\u1ee3ng quy \u0111\u1ecbnh: 2 b\u1ed9 m\u1ed7i lo\u1ea1i<\/strong><\/p>\n<p>&nbsp;<\/p>\n<p>\u53ef\u62c6\u8239\u7528\u96002\u4e2a\u3001\u8239\u7528\u6ee4\u56682\u4e2a\u3002\u5982\u6269\u5927\u5f00\u73ed\u89c4\u6a21\u987b\u589e\u914d2\u5957<\/p>\n<p>&nbsp;<\/p>\n<p>&nbsp;<\/p>\n<p>&nbsp;<\/p>\n<p>&nbsp;<\/p>","protected":false},"excerpt":{"rendered":"<p>\u53ef\u62c6\u88c5\u9600\u4ef6\u3001\u6ee4\u5668 &nbsp; \u6cd5\u5f8b\u4f9d\u636e\uff1a\u300a\u4e2d\u534e\u4eba\u6c11\u5171\u548c\u56fd\u8239\u5458\u57f9\u8bad\u7ba1\u7406\u89c4\u5219\u300b\uff08\u4ea4\u901a\u8fd0\u8f93\u90e8\u4ee4 2019 \u5e74\u7b2c 5&hellip;<\/p>","protected":false},"featured_media":14505,"comment_status":"open","ping_status":"closed","template":"","meta":[],"product_brand":[],"product_cat":[316],"product_tag":[453,479,480,336,478,430],"class_list":{"0":"post-14982","1":"product","2":"type-product","3":"status-publish","4":"has-post-thumbnail","6":"product_cat-chaizhuangshixunshi","7":"product_tag-zhibanjigong","8":"product_tag-kechaizhuangfajian","9":"product_tag-luqi","10":"product_tag-chuanyuanpeixunshebei","11":"product_tag-chuanyongfenyouji","12":"product_tag-lunjizhangdaguanlunsanguanlunpeixunshebei","13":"description-off","15":"first","16":"instock","17":"taxable","18":"shipping-taxable","19":"purchasable","20":"product-type-simple"},"_links":{"self":[{"href":"http:\/\/www.erun-tech.com\/vi\/wp-json\/wp\/v2\/product\/14982","targetHints":{"allow":["GET"]}}],"collection":[{"href":"http:\/\/www.erun-tech.com\/vi\/wp-json\/wp\/v2\/product"}],"about":[{"href":"http:\/\/www.erun-tech.com\/vi\/wp-json\/wp\/v2\/types\/product"}],"replies":[{"embeddable":true,"href":"http:\/\/www.erun-tech.com\/vi\/wp-json\/wp\/v2\/comments?post=14982"}],"wp:featuredmedia":[{"embeddable":true,"href":"http:\/\/www.erun-tech.com\/vi\/wp-json\/wp\/v2\/media\/14505"}],"wp:attachment":[{"href":"http:\/\/www.erun-tech.com\/vi\/wp-json\/wp\/v2\/media?parent=14982"}],"wp:term":[{"taxonomy":"product_brand","embeddable":true,"href":"http:\/\/www.erun-tech.com\/vi\/wp-json\/wp\/v2\/product_brand?post=14982"},{"taxonomy":"product_cat","embeddable":true,"href":"http:\/\/www.erun-tech.com\/vi\/wp-json\/wp\/v2\/product_cat?post=14982"},{"taxonomy":"product_tag","embeddable":true,"href":"http:\/\/www.erun-tech.com\/vi\/wp-json\/wp\/v2\/product_tag?post=14982"}],"curies":[{"name":"wp","href":"https:\/\/api.w.org\/{rel}","templated":true}]}}