{"id":14983,"date":"2024-03-26T15:58:10","date_gmt":"2024-03-26T07:58:10","guid":{"rendered":"http:\/\/www.erun-tech.com\/?post_type=product&#038;p=14983"},"modified":"2024-03-27T21:11:07","modified_gmt":"2024-03-27T13:11:07","slug":"chaizhuanggongjuliangju","status":"publish","type":"product","link":"http:\/\/www.erun-tech.com\/vi\/product\/chaizhuanggongjuliangju","title":{"rendered":"C\u00f4ng c\u1ee5 th\u00e1o l\u1eafp, d\u1ee5ng c\u1ee5 \u0111o l\u01b0\u1eddng"},"content":{"rendered":"<h2><\/h2>\n<h2 style=\"text-align: center;\">C\u00f4ng c\u1ee5 th\u00e1o l\u1eafp, d\u1ee5ng c\u1ee5 \u0111o l\u01b0\u1eddng<\/h2>\n<p>&nbsp;<\/p>\n<p><strong>C\u01a1 s\u1edf ph\u00e1p l\u00fd: \"Quy \u0111\u1ecbnh v\u1ec1 qu\u1ea3n l\u00fd \u0111\u00e0o t\u1ea1o thuy\u1ec1n vi\u00ean c\u1ee7a C\u1ed9ng h\u00f2a Nh\u00e2n d\u00e2n Trung Hoa\" (Ngh\u1ecb \u0111\u1ecbnh s\u1ed1 5 n\u0103m 2019 c\u1ee7a B\u1ed9 Giao th\u00f4ng V\u1eadn t\u1ea3i)<\/strong><\/p>\n<p><strong>Ph\u00e2n lo\u1ea1i s\u1ea3n ph\u1ea9m: Khu v\u1ef1c \u0111\u00e0o t\u1ea1o l\u1eafp r\u00e1p v\u00e0 th\u00e1o d\u1ee1<\/strong><\/p>\n<p><strong><strong>T\u00ean s\u1ea3n ph\u1ea9m: D\u1ee5ng c\u1ee5 th\u00e1o l\u1eafp, d\u1ee5ng c\u1ee5 \u0111o l\u01b0\u1eddng<\/strong><\/strong><\/p>\n<p><strong>Y\u00eau c\u1ea7u ch\u1ee9c n\u0103ng: \u0110\u00e1p \u1ee9ng y\u00eau c\u1ea7u c\u1ee7a ch\u01b0\u01a1ng tr\u00ecnh \u0111\u00e0o t\u1ea1o.<\/strong><\/p>\n<p><strong>S\u1ed1 l\u01b0\u1ee3ng quy \u0111\u1ecbnh: 1 b\u1ed9<\/strong><\/p>\n<p>&nbsp;<\/p>\n<p>1 b\u1ed9 k\u00e9o th\u1ee7y l\u1ef1c; 2 b\u1ed9 d\u1ee5ng c\u1ee5 n\u00e2ng, r\u00f2ng r\u1ecdc vi sai; 5 b\u1ed9 th\u01b0\u1edbc \u0111o \u0111\u01b0\u1eddng k\u00ednh trong v\u00e0 ngo\u00e0i, th\u01b0\u1edbc c\u1eb7p, th\u01b0\u1edbc \u0111o khe h\u1edf (theo quy c\u00e1ch thi\u1ebft b\u1ecb), m\u00e1y \u0111o m\u00f4-men xo\u1eafn v\u00e0 d\u1ee5ng c\u1ee5 l\u1eafp r\u00e1p th\u00f4ng th\u01b0\u1eddng. N\u1ebfu m\u1edf r\u1ed9ng quy m\u00f4 l\u1edbp h\u1ecdc, c\u1ea7n trang b\u1ecb g\u1ea5p \u0111\u00f4i.<\/p>\n<p>&nbsp;<\/p>\n<p>&nbsp;<\/p>\n<p>&nbsp;<\/p>\n<p>&nbsp;<\/p>","protected":false},"excerpt":{"rendered":"<p>\u62c6\u88c5\u5de5\u5177\u3001\u91cf\u5177 &nbsp; \u6cd5\u5f8b\u4f9d\u636e\uff1a\u300a\u4e2d\u534e\u4eba\u6c11\u5171\u548c\u56fd\u8239\u5458\u57f9\u8bad\u7ba1\u7406\u89c4\u5219\u300b\uff08\u4ea4\u901a\u8fd0\u8f93\u90e8\u4ee4 2019 \u5e74\u7b2c 5 &hellip;<\/p>","protected":false},"featured_media":14505,"comment_status":"open","ping_status":"closed","template":"","meta":[],"product_brand":[],"product_cat":[316],"product_tag":[453,336,478,430],"class_list":{"0":"post-14983","1":"product","2":"type-product","3":"status-publish","4":"has-post-thumbnail","6":"product_cat-chaizhuangshixunshi","7":"product_tag-zhibanjigong","8":"product_tag-chuanyuanpeixunshebei","9":"product_tag-chuanyongfenyouji","10":"product_tag-lunjizhangdaguanlunsanguanlunpeixunshebei","11":"description-off","13":"first","14":"instock","15":"taxable","16":"shipping-taxable","17":"purchasable","18":"product-type-simple"},"_links":{"self":[{"href":"http:\/\/www.erun-tech.com\/vi\/wp-json\/wp\/v2\/product\/14983","targetHints":{"allow":["GET"]}}],"collection":[{"href":"http:\/\/www.erun-tech.com\/vi\/wp-json\/wp\/v2\/product"}],"about":[{"href":"http:\/\/www.erun-tech.com\/vi\/wp-json\/wp\/v2\/types\/product"}],"replies":[{"embeddable":true,"href":"http:\/\/www.erun-tech.com\/vi\/wp-json\/wp\/v2\/comments?post=14983"}],"wp:featuredmedia":[{"embeddable":true,"href":"http:\/\/www.erun-tech.com\/vi\/wp-json\/wp\/v2\/media\/14505"}],"wp:attachment":[{"href":"http:\/\/www.erun-tech.com\/vi\/wp-json\/wp\/v2\/media?parent=14983"}],"wp:term":[{"taxonomy":"product_brand","embeddable":true,"href":"http:\/\/www.erun-tech.com\/vi\/wp-json\/wp\/v2\/product_brand?post=14983"},{"taxonomy":"product_cat","embeddable":true,"href":"http:\/\/www.erun-tech.com\/vi\/wp-json\/wp\/v2\/product_cat?post=14983"},{"taxonomy":"product_tag","embeddable":true,"href":"http:\/\/www.erun-tech.com\/vi\/wp-json\/wp\/v2\/product_tag?post=14983"}],"curies":[{"name":"wp","href":"https:\/\/api.w.org\/{rel}","templated":true}]}}