{"id":14984,"date":"2024-03-26T15:59:22","date_gmt":"2024-03-26T07:59:22","guid":{"rendered":"http:\/\/www.erun-tech.com\/?post_type=product&#038;p=14984"},"modified":"2024-03-27T21:11:15","modified_gmt":"2024-03-27T13:11:15","slug":"gezhongceliangyibiao","status":"publish","type":"product","link":"http:\/\/www.erun-tech.com\/vi\/product\/gezhongceliangyibiao","title":{"rendered":"C\u00e1c lo\u1ea1i thi\u1ebft b\u1ecb \u0111o l\u01b0\u1eddng"},"content":{"rendered":"<h2><\/h2>\n<h2 style=\"text-align: center;\">C\u00e1c lo\u1ea1i thi\u1ebft b\u1ecb \u0111o l\u01b0\u1eddng<\/h2>\n<p>&nbsp;<\/p>\n<p><strong>C\u01a1 s\u1edf ph\u00e1p l\u00fd: \"Quy \u0111\u1ecbnh v\u1ec1 qu\u1ea3n l\u00fd \u0111\u00e0o t\u1ea1o thuy\u1ec1n vi\u00ean c\u1ee7a C\u1ed9ng h\u00f2a Nh\u00e2n d\u00e2n Trung Hoa\" (Ngh\u1ecb \u0111\u1ecbnh s\u1ed1 5 n\u0103m 2019 c\u1ee7a B\u1ed9 Giao th\u00f4ng V\u1eadn t\u1ea3i)<\/strong><\/p>\n<p><strong>Ph\u00e2n lo\u1ea1i s\u1ea3n ph\u1ea9m: Khu v\u1ef1c \u0111\u00e0o t\u1ea1o l\u1eafp r\u00e1p v\u00e0 th\u00e1o d\u1ee1<\/strong><\/p>\n<p><strong><strong>\u4ea7\u54c1\u540d\u79f0\uff1a\u5404\u79cd\u6d4b\u91cf\u4eea\u8868<\/strong><\/strong><\/p>\n<p><strong>Y\u00eau c\u1ea7u ch\u1ee9c n\u0103ng: \u0110\u00e1p \u1ee9ng y\u00eau c\u1ea7u c\u1ee7a ch\u01b0\u01a1ng tr\u00ecnh \u0111\u00e0o t\u1ea1o.<\/strong><\/p>\n<p><strong>\u89c4\u5b9a\u6570\u91cf\uff1a\u54041\u5957<\/strong><\/p>\n<p>&nbsp;<\/p>\n<p>\u538b\u529b\u3001\u6e29\u5ea6\u3001\u6db2\u4f4d\u54041\u5957\u3002\u5982\u6269\u5927\u5f00\u73ed\u89c4\u6a21\u987b\u5404\u589e\u914d1\u5957\u3002<\/p>\n<p>&nbsp;<\/p>\n<p>&nbsp;<\/p>\n<p>&nbsp;<\/p>\n<p>&nbsp;<\/p>","protected":false},"excerpt":{"rendered":"<p>\u5404\u79cd\u6d4b\u91cf\u4eea\u8868 &nbsp; \u6cd5\u5f8b\u4f9d\u636e\uff1a\u300a\u4e2d\u534e\u4eba\u6c11\u5171\u548c\u56fd\u8239\u5458\u57f9\u8bad\u7ba1\u7406\u89c4\u5219\u300b\uff08\u4ea4\u901a\u8fd0\u8f93\u90e8\u4ee4 2019 \u5e74\u7b2c 5 \u53f7&hellip;<\/p>","protected":false},"featured_media":14505,"comment_status":"open","ping_status":"closed","template":"","meta":[],"product_brand":[],"product_cat":[316],"product_tag":[453,481,336,478,430],"class_list":{"0":"post-14984","1":"product","2":"type-product","3":"status-publish","4":"has-post-thumbnail","6":"product_cat-chaizhuangshixunshi","7":"product_tag-zhibanjigong","8":"product_tag-gezhongceliangyibiao","9":"product_tag-chuanyuanpeixunshebei","10":"product_tag-chuanyongfenyouji","11":"product_tag-lunjizhangdaguanlunsanguanlunpeixunshebei","12":"description-off","14":"first","15":"instock","16":"taxable","17":"shipping-taxable","18":"purchasable","19":"product-type-simple"},"_links":{"self":[{"href":"http:\/\/www.erun-tech.com\/vi\/wp-json\/wp\/v2\/product\/14984","targetHints":{"allow":["GET"]}}],"collection":[{"href":"http:\/\/www.erun-tech.com\/vi\/wp-json\/wp\/v2\/product"}],"about":[{"href":"http:\/\/www.erun-tech.com\/vi\/wp-json\/wp\/v2\/types\/product"}],"replies":[{"embeddable":true,"href":"http:\/\/www.erun-tech.com\/vi\/wp-json\/wp\/v2\/comments?post=14984"}],"wp:featuredmedia":[{"embeddable":true,"href":"http:\/\/www.erun-tech.com\/vi\/wp-json\/wp\/v2\/media\/14505"}],"wp:attachment":[{"href":"http:\/\/www.erun-tech.com\/vi\/wp-json\/wp\/v2\/media?parent=14984"}],"wp:term":[{"taxonomy":"product_brand","embeddable":true,"href":"http:\/\/www.erun-tech.com\/vi\/wp-json\/wp\/v2\/product_brand?post=14984"},{"taxonomy":"product_cat","embeddable":true,"href":"http:\/\/www.erun-tech.com\/vi\/wp-json\/wp\/v2\/product_cat?post=14984"},{"taxonomy":"product_tag","embeddable":true,"href":"http:\/\/www.erun-tech.com\/vi\/wp-json\/wp\/v2\/product_tag?post=14984"}],"curies":[{"name":"wp","href":"https:\/\/api.w.org\/{rel}","templated":true}]}}