{"id":14993,"date":"2024-03-26T16:17:07","date_gmt":"2024-03-26T08:17:07","guid":{"rendered":"http:\/\/www.erun-tech.com\/?post_type=product&#038;p=14993"},"modified":"2024-03-27T20:53:45","modified_gmt":"2024-03-27T12:53:45","slug":"zhishengjijiuzhudiaoshengshebei-2","status":"publish","type":"product","link":"http:\/\/www.erun-tech.com\/vi\/product\/zhishengjijiuzhudiaoshengshebei-2","title":{"rendered":"Thi\u1ebft b\u1ecb c\u1ee9u h\u1ed9 b\u1eb1ng tr\u1ef1c th\u0103ng"},"content":{"rendered":"<h2><\/h2>\n<h2 style=\"text-align: center;\">Thi\u1ebft b\u1ecb c\u1ee9u h\u1ed9 b\u1eb1ng tr\u1ef1c th\u0103ng<\/h2>\n<p>&nbsp;<\/p>\n<p><strong>C\u01a1 s\u1edf ph\u00e1p l\u00fd: \"Quy \u0111\u1ecbnh v\u1ec1 qu\u1ea3n l\u00fd \u0111\u00e0o t\u1ea1o k\u1ef9 n\u0103ng an to\u00e0n giao th\u00f4ng h\u00e0ng h\u1ea3i cho nh\u00e2n vi\u00ean c\u01a1 s\u1edf h\u00e0ng h\u1ea3i c\u1ee7a C\u1ed9ng h\u00f2a Nh\u00e2n d\u00e2n Trung Hoa\"<\/strong><\/p>\n<p><strong>Ph\u00e2n lo\u1ea1i s\u1ea3n ph\u1ea9m: \u0110\u00e0o t\u1ea1o k\u1ef9 n\u0103ng an to\u00e0n giao th\u00f4ng \u0111\u01b0\u1eddng bi\u1ec3n<\/strong><\/p>\n<p><strong><strong>T\u00ean s\u1ea3n ph\u1ea9m: Thi\u1ebft b\u1ecb c\u1ee9u h\u1ed9 b\u1eb1ng tr\u1ef1c th\u0103ng<\/strong><\/strong><\/p>\n<p><strong>Y\u00eau c\u1ea7u ch\u1ee9c n\u0103ng: \u0110\u00e1p \u1ee9ng y\u00eau c\u1ea7u c\u1ee7a ch\u01b0\u01a1ng tr\u00ecnh \u0111\u00e0o t\u1ea1o.<\/strong><\/p>\n<p><strong>S\u1ed1 l\u01b0\u1ee3ng quy \u0111\u1ecbnh: 1 b\u1ed9<\/strong><\/p>\n<p>&nbsp;<\/p>\n<p>K\u00edch th\u01b0\u1edbc khi m\u1edf c\u1ee7a c\u00e1ng c\u1ee9u h\u1ed9 d\u1ea1ng gi\u1ecf (D\u00e0i \u00d7 R\u1ed9ng \u00d7 Cao): 216 \u00d7 61 \u00d7 19 cm, bao g\u1ed3m m\u1ed9t b\u1ed9 d\u00e2y treo (d\u00f9ng cho c\u1ee9u h\u1ed9 b\u1eb1ng tr\u1ef1c th\u0103ng).<\/p>\n<p>&nbsp;<\/p>\n<p>&nbsp;<\/p>\n<p>&nbsp;<\/p>","protected":false},"excerpt":{"rendered":"<p>\u76f4\u5347\u673a\u6551\u52a9\u540a\u5347\u8bbe\u5907 &nbsp; \u6cd5\u5f8b\u4f9d\u636e\uff1a\u300a\u4e2d\u534e\u4eba\u6c11\u5171\u548c\u56fd\u6d77\u4e0a\u8bbe\u65bd\u5de5\u4f5c\u4eba\u5458\u6d77\u4e0a\u4ea4\u901a\u5b89\u5168\u6280\u80fd\u57f9\u8bad\u7ba1\u7406\u529e\u6cd5\u300b \u4ea7&hellip;<\/p>","protected":false},"featured_media":14994,"comment_status":"open","ping_status":"closed","template":"","meta":[],"product_brand":[],"product_cat":[322],"product_tag":[482],"class_list":{"0":"post-14993","1":"product","2":"type-product","3":"status-publish","4":"has-post-thumbnail","6":"product_cat-haishangjiaotonganquanjinengpeixun","7":"product_tag-haishangjiaotonganquanjinengpeixun","8":"description-off","10":"first","11":"instock","12":"taxable","13":"shipping-taxable","14":"purchasable","15":"product-type-simple"},"_links":{"self":[{"href":"http:\/\/www.erun-tech.com\/vi\/wp-json\/wp\/v2\/product\/14993","targetHints":{"allow":["GET"]}}],"collection":[{"href":"http:\/\/www.erun-tech.com\/vi\/wp-json\/wp\/v2\/product"}],"about":[{"href":"http:\/\/www.erun-tech.com\/vi\/wp-json\/wp\/v2\/types\/product"}],"replies":[{"embeddable":true,"href":"http:\/\/www.erun-tech.com\/vi\/wp-json\/wp\/v2\/comments?post=14993"}],"wp:featuredmedia":[{"embeddable":true,"href":"http:\/\/www.erun-tech.com\/vi\/wp-json\/wp\/v2\/media\/14994"}],"wp:attachment":[{"href":"http:\/\/www.erun-tech.com\/vi\/wp-json\/wp\/v2\/media?parent=14993"}],"wp:term":[{"taxonomy":"product_brand","embeddable":true,"href":"http:\/\/www.erun-tech.com\/vi\/wp-json\/wp\/v2\/product_brand?post=14993"},{"taxonomy":"product_cat","embeddable":true,"href":"http:\/\/www.erun-tech.com\/vi\/wp-json\/wp\/v2\/product_cat?post=14993"},{"taxonomy":"product_tag","embeddable":true,"href":"http:\/\/www.erun-tech.com\/vi\/wp-json\/wp\/v2\/product_tag?post=14993"}],"curies":[{"name":"wp","href":"https:\/\/api.w.org\/{rel}","templated":true}]}}