{"id":15146,"date":"2024-12-27T21:04:51","date_gmt":"2024-12-27T13:04:51","guid":{"rendered":"http:\/\/www.erun-tech.com\/?post_type=product&#038;p=15146"},"modified":"2024-12-27T21:04:52","modified_gmt":"2024-12-27T13:04:52","slug":"dianpenchaiyoujikongzhixitongshixunshebei","status":"publish","type":"product","link":"http:\/\/www.erun-tech.com\/vi\/product\/dianpenchaiyoujikongzhixitongshixunshebei","title":{"rendered":"Thi\u1ebft b\u1ecb th\u1ef1c h\u00e0nh h\u1ec7 th\u1ed1ng \u0111i\u1ec1u khi\u1ec3n \u0111\u1ed9ng c\u01a1 diesel phun \u0111i\u1ec7n t\u1eed"},"content":{"rendered":"<p>V\u1edbi s\u1ef1 ph\u00e1t tri\u1ec3n kh\u00f4ng ng\u1eebng c\u1ee7a h\u1ec7 th\u1ed1ng \u0111\u1ed9ng l\u1ef1c t\u00e0u th\u1ee7y,<strong>\u0110\u1ed9ng c\u01a1 diesel phun \u0111i\u1ec7n t\u1eed<\/strong>L\u00e0 thi\u1ebft b\u1ecb \u0111\u1ed9ng l\u1ef1c ti\u1ebft ki\u1ec7m n\u0103ng l\u01b0\u1ee3ng th\u1ebf h\u1ec7 m\u1edbi, \u0111\u00e3 \u0111\u01b0\u1ee3c \u0111\u00e1nh gi\u00e1 r\u1ed9ng r\u00e3i trong c\u00e1c t\u00e0u hi\u1ec7n \u0111\u1ea1i. H\u1ec7 th\u1ed1ng \u0111i\u1ec1u khi\u1ec3n c\u1ee7a n\u00f3 t\u00edch h\u1ee3p nhi\u1ec1u b\u1ed9 ph\u1eadn quan tr\u1ecdng nh\u01b0 b\u1ed9 \u0111i\u1ec1u khi\u1ec3n \u0111i\u1ec7n t\u1eed (ECU), c\u1ea3m bi\u1ebfn, b\u1ed9 truy\u1ec1n \u0111\u1ed9ng, v.v. nh\u1eb1m \u0111\u00e0o t\u1ea1o nh\u00e2n l\u1ef1c chuy\u00ean nghi\u1ec7p c\u00f3 kh\u1ea3 n\u0103ng v\u1eadn h\u00e0nh v\u00e0 b\u1ea3o tr\u00ec h\u1ec7 th\u1ed1ng \u0111i\u1ec1u khi\u1ec3n \u0111\u1ed9ng c\u01a1 diesel phun \u0111i\u1ec7n.<\/p>\n<p>Tham kh\u1ea3o c\u00e1c y\u00eau c\u1ea7u v\u1ec1 \u0111\u00e0o t\u1ea1o \u0111\u1ed1i v\u1edbi nh\u00e2n vi\u00ean \u0111i\u1ec7n t\u1eed v\u00e0 \u0111i\u1ec7n trong \"Quy \u0111\u1ecbnh qu\u1ea3n l\u00fd \u0111\u00e0o t\u1ea1o thuy\u1ec1n vi\u00ean c\u1ee7a C\u1ed9ng h\u00f2a Nh\u00e2n d\u00e2n Trung Hoa\", c\u1ea7n thi\u1ebft l\u1eadp thi\u1ebft b\u1ecb th\u1ef1c h\u00e0nh h\u1ec7 th\u1ed1ng \u0111i\u1ec1u khi\u1ec3n \u0111\u1ed9ng c\u01a1 diesel phun \u0111i\u1ec7n t\u1eed. Quy \u0111\u1ecbnh n\u00e0y \u00e1p d\u1ee5ng cho nh\u00e2n vi\u00ean \u0111i\u1ec7n t\u1eed v\u00e0 \u0111i\u1ec7n trong...<strong>H\u1ec7 th\u1ed1ng \u0111i\u1ec1u khi\u1ec3n \u0111\u1ed9ng c\u01a1 diesel phun \u0111i\u1ec7n t\u1eed<\/strong>\u0110\u00e3 gi\u1ea3i th\u00edch ng\u1eafn g\u1ecdn.<\/p>\n<p>C\u00f4ng ty ch\u00fang t\u00f4i \u0111\u00e3 thi\u1ebft k\u1ebf m\u1ed9t b\u1ed9 ch\u01b0\u01a1ng tr\u00ecnh \u0111\u00e0o t\u1ea1o cho nh\u00e2n vi\u00ean \u0111i\u1ec7n t\u1eed v\u00e0 \u0111i\u1ec7n theo y\u00eau c\u1ea7u c\u1ee7a \"Quy \u0111\u1ecbnh qu\u1ea3n l\u00fd \u0111\u00e0o t\u1ea1o thuy\u1ec1n vi\u00ean c\u1ee7a C\u1ed9ng h\u00f2a Nh\u00e2n d\u00e2n Trung Hoa\" \u0111\u1ed1i v\u1edbi nh\u00e2n vi\u00ean \u0111i\u1ec7n t\u1eed v\u00e0 \u0111i\u1ec7n, \u0111\u1ed3ng th\u1eddi c\u0169ng xem x\u00e9t th\u1ef1c t\u1ebf \u0111\u00e0o t\u1ea1o thuy\u1ec1n vi\u00ean.<strong>H\u1ec7 th\u1ed1ng \u0111i\u1ec1u khi\u1ec3n \u0111\u1ed9ng c\u01a1 diesel phun \u0111i\u1ec7n.<\/strong>H\u1ec7 th\u1ed1ng n\u00e0y ho\u00e0n to\u00e0n \u0111\u00e1p \u1ee9ng c\u00e1c y\u00eau c\u1ea7u ki\u1ec3m tra c\u1ee7a C\u1ee5c H\u00e0ng h\u1ea3i, \u0111\u1ed3ng th\u1eddi c\u00f3 th\u1ec3 m\u00f4 ph\u1ecfng th\u1ef1c t\u1ebf c\u00e1c t\u00e0u thuy\u1ec1n th\u1eadt.<strong>H\u1ec7 th\u1ed1ng \u0111i\u1ec1u khi\u1ec3n \u0111\u1ed9ng c\u01a1 diesel phun \u0111i\u1ec7n t\u1eed,<\/strong>Kh\u00f4ng ch\u1ec9 trong m\u00f4i tr\u01b0\u1eddng \u1ea3o. M\u1ee5c \u0111\u00edch c\u1ee7a vi\u1ec7c n\u00e0y l\u00e0 \u0111\u1ec3 h\u1ecdc vi\u00ean c\u00f3 th\u1ec3<strong>H\u1ec7 th\u1ed1ng \u0111i\u1ec1u khi\u1ec3n \u0111\u1ed9ng c\u01a1 diesel phun \u0111i\u1ec7n t\u1eed<\/strong>C\u00f3 hi\u1ec3u bi\u1ebft tr\u1ef1c quan, th\u1ef1c s\u1ef1 c\u00f3 th\u1ec3 n\u1eafm v\u1eefng<strong>H\u1ec7 th\u1ed1ng \u0111i\u1ec1u khi\u1ec3n \u0111\u1ed9ng c\u01a1 diesel phun \u0111i\u1ec7n t\u1eed<\/strong>Ki\u1ebfn th\u1ee9c.<\/p>\n<p><strong>H\u1ec7 th\u1ed1ng \u0111i\u1ec1u khi\u1ec3n \u0111\u1ed9ng c\u01a1 diesel phun \u0111i\u1ec7n t\u1eed<\/strong>, bao g\u1ed3m h\u1ed9p \u0111i\u1ec1u khi\u1ec3n b\u00ean c\u1ea1nh \u0111\u1ed9ng c\u01a1 diesel phun \u0111i\u1ec7n, ph\u1ea3i c\u00f3 kh\u1ea3 n\u0103ng m\u00f4 ph\u1ecfng b\u1ea3ng \u0111i\u1ec1u khi\u1ec3n v\u00e0 quy tr\u00ecnh v\u1eadn h\u00e0nh c\u1ee7a t\u00e0u th\u1ef1c t\u1ebf.<\/p>\n<div id=\"attachment_15147\" style=\"width: 310px\" class=\"wp-caption alignnone\"><img decoding=\"async\" aria-describedby=\"caption-attachment-15147\" class=\"size-medium wp-image-15147\" src=\"http:\/\/www.erun-tech.com\/wp-content\/uploads\/2024\/12\/\u7535\u55b7\u67f4\u6cb9\u673a\u63a7\u5236\u7cfb\u7edf-300x162.png\" alt=\"H\u1ec7 th\u1ed1ng \u0111i\u1ec1u khi\u1ec3n \u0111\u1ed9ng c\u01a1 diesel phun \u0111i\u1ec7n t\u1eed\" width=\"300\" height=\"162\" srcset=\"http:\/\/www.erun-tech.com\/wp-content\/uploads\/2024\/12\/\u7535\u55b7\u67f4\u6cb9\u673a\u63a7\u5236\u7cfb\u7edf-300x162.png 300w, http:\/\/www.erun-tech.com\/wp-content\/uploads\/2024\/12\/\u7535\u55b7\u67f4\u6cb9\u673a\u63a7\u5236\u7cfb\u7edf-768x414.png 768w, http:\/\/www.erun-tech.com\/wp-content\/uploads\/2024\/12\/\u7535\u55b7\u67f4\u6cb9\u673a\u63a7\u5236\u7cfb\u7edf-600x324.png 600w, http:\/\/www.erun-tech.com\/wp-content\/uploads\/2024\/12\/\u7535\u55b7\u67f4\u6cb9\u673a\u63a7\u5236\u7cfb\u7edf.png 994w\" sizes=\"(max-width: 300px) 100vw, 300px\" title=\"\u7535\u55b7\u67f4\u6cb9\u673a\u63a7\u5236\u7cfb\u7edf\u5b9e\u8bad\u8bbe\u5907\u63d2\u56fe\" \/><p id=\"caption-attachment-15147\" class=\"wp-caption-text\">H\u1ec7 th\u1ed1ng \u0111i\u1ec1u khi\u1ec3n \u0111\u1ed9ng c\u01a1 diesel phun \u0111i\u1ec7n t\u1eed<\/p><\/div>\n<p><strong><b>M\u1ee5c ti\u00eau x\u00e2y d\u1ef1ng<\/b><\/strong><\/p>\n<ol>\n<li><b><\/b><strong><b>M\u00f4 ph\u1ecfng m\u00f4i tr\u01b0\u1eddng ho\u1ea1t \u0111\u1ed9ng th\u1ef1c t\u1ebf<\/b><\/strong>Th\u00f4ng qua vi\u1ec7c trang b\u1ecb \u0111\u1ed9ng c\u01a1 diesel phun \u0111i\u1ec7n t\u1eed v\u00e0 h\u1ed9p \u0111i\u1ec1u khi\u1ec3n b\u00ean c\u1ea1nh m\u00e1y, ph\u00f2ng th\u1ef1c h\u00e0nh s\u1ebd m\u00f4 ph\u1ecfng m\u00f4i tr\u01b0\u1eddng l\u00e0m vi\u1ec7c v\u00e0 quy tr\u00ecnh v\u1eadn h\u00e0nh c\u1ee7a \u0111\u1ed9ng c\u01a1 diesel phun \u0111i\u1ec7n t\u1eed tr\u00ean t\u00e0u, gi\u00fap sinh vi\u00ean hi\u1ec3u v\u00e0 n\u1eafm v\u1eefng c\u00e1c thao t\u00e1c th\u1ef1c t\u1ebf c\u1ee7a h\u1ec7 th\u1ed1ng \u0111i\u1ec1u khi\u1ec3n \u0111\u1ed9ng c\u01a1 diesel phun \u0111i\u1ec7n t\u1eed.<\/li>\n<li><b><\/b><strong><b>N\u00e2ng cao k\u1ef9 n\u0103ng c\u1ee7a h\u1ecdc sinh<\/b><\/strong>\uff1aH\u1ecdc sinh s\u1ebd th\u00f4ng qua th\u1ef1c h\u00e0nh \u0111\u1ec3 n\u1eafm v\u1eefng c\u00e1c thao t\u00e1c c\u01a1 b\u1ea3n nh\u01b0 kh\u1edfi \u0111\u1ed9ng, t\u1eaft m\u00e1y, \u0111i\u1ec1u ch\u1ec9nh t\u1ed1c \u0111\u1ed9 quay, \u0111i\u1ec1u ch\u1ec9nh t\u1ea3i tr\u1ecdng c\u1ee7a \u0111\u1ed9ng c\u01a1 diesel phun \u0111i\u1ec7n, l\u00e0m quen v\u1edbi c\u00e1ch s\u1eed d\u1ee5ng h\u1ec7 th\u1ed1ng \u0111i\u1ec1u khi\u1ec3n \u0111\u1ed9ng c\u01a1 diesel, \u0111\u1ed3ng th\u1eddi r\u00e8n luy\u1ec7n kh\u1ea3 n\u0103ng v\u1eadn h\u00e0nh v\u00e0 \u0111i\u1ec1u ch\u1ec9nh \u0111\u1ed9c l\u1eadp.<\/li>\n<li><b><\/b><strong><b>T\u0103ng c\u01b0\u1eddng kh\u1ea3 n\u0103ng ch\u1ea9n \u0111o\u00e1n v\u00e0 gi\u1ea3i quy\u1ebft s\u1ef1 c\u1ed1<\/b><\/strong>Th\u00f4ng qua ph\u1ea7n m\u1ec1m m\u00f4 ph\u1ecfng v\u00e0 h\u1ec7 th\u1ed1ng m\u00f4 ph\u1ecfng s\u1ef1 c\u1ed1, sinh vi\u00ean s\u1ebd h\u1ecdc c\u00e1ch ph\u00e2n t\u00edch v\u00e0 kh\u1eafc ph\u1ee5c s\u1ef1 c\u1ed1 c\u1ee7a h\u1ec7 th\u1ed1ng \u0111i\u1ec1u khi\u1ec3n \u0111\u1ed9ng c\u01a1 diesel phun nhi\u00ean li\u1ec7u \u0111i\u1ec7n t\u1eed, t\u1eeb \u0111\u00f3 n\u00e2ng cao kh\u1ea3 n\u0103ng ch\u1ea9n \u0111o\u00e1n s\u1ef1 c\u1ed1 v\u00e0 gi\u1ea3i quy\u1ebft v\u1ea5n \u0111\u1ec1.<\/li>\n<\/ol>\n<p><strong><b>Th\u00fac \u0111\u1ea9y s\u1ef1 k\u1ebft h\u1ee3p gi\u1eefa c\u00f4ng ngh\u1ec7 v\u00e0 gi\u1ea3ng d\u1ea1y<\/b><\/strong>\uff1aK\u1ebft h\u1ee3p c\u00f4ng ngh\u1ec7 \u0111i\u1ec1u khi\u1ec3n \u0111\u1ed9ng c\u01a1 diesel phun \u0111i\u1ec7n t\u1eed m\u1edbi nh\u1ea5t, c\u1eadp nh\u1eadt v\u00e0 t\u1ed1i \u01b0u h\u00f3a n\u1ed9i dung kh\u00f3a h\u1ecdc, gi\u00fap n\u1ed9i dung gi\u1ea3ng d\u1ea1y g\u1eafn k\u1ebft ch\u1eb7t ch\u1ebd v\u1edbi nhu c\u1ea7u th\u1ef1c t\u1ebf c\u1ee7a h\u1ec7 th\u1ed1ng \u0111\u1ed9ng l\u1ef1c t\u00e0u bi\u1ec3n hi\u1ec7n \u0111\u1ea1i, n\u00e2ng cao ch\u1ea5t l\u01b0\u1ee3ng gi\u1ea3ng d\u1ea1y c\u1ee7a tr\u01b0\u1eddng.<\/p>\n<p>&nbsp;<\/p>\n<p><b><\/b><strong><b>Thi\u1ebft b\u1ecb ch\u00ednh v\u00e0 ch\u1ec9 ti\u00eau k\u1ef9 thu\u1eadt<\/b><\/strong><\/p>\n<p>1. \u0110\u1ed9ng c\u01a1 diesel, 2. M\u00e1y ph\u00e1t \u0111i\u1ec7n, 3. H\u1ec7 th\u1ed1ng gi\u00e1m s\u00e1t, 4. Khung c\u01a1 s\u1edf chung, 5. M\u1ed9t s\u1ed1 ph\u1ee5 ki\u1ec7n (b\u00ecnh ch\u1ee9a d\u1ea7u, b\u00ecnh ch\u1ee9a n\u01b0\u1edbc, b\u01a1m n\u01b0\u1edbc, \u0111\u01b0\u1eddng \u1ed1ng, van, v.v.)<\/p>","protected":false},"excerpt":{"rendered":"<p>\u968f\u7740\u8239\u8236\u52a8\u529b\u7cfb\u7edf\u7684\u4e0d\u65ad\u53d1\u5c55\uff0c\u7535\u55b7\u67f4\u6cb9\u673a\u4f5c\u4e3a\u65b0\u4e00\u4ee3\u8282\u80fd\u7684\u52a8\u529b\u88c5\u7f6e\uff0c\u5df2\u5e7f\u6cdb\u8bc4\u4f30\u73b0\u4ee3\u8239\u8236\u4e2d\u3002\u5176\u63a7\u5236\u7cfb\u7edf\u96c6\u6210\u4e86\u7535\u5b50\u63a7\u5236&hellip;<\/p>","protected":false},"featured_media":15147,"comment_status":"open","ping_status":"closed","template":"","meta":[],"product_brand":[],"product_cat":[15],"product_tag":[452],"class_list":{"0":"post-15146","1":"product","2":"type-product","3":"status-publish","4":"has-post-thumbnail","6":"product_cat-xinchanpin","7":"product_tag-dianpenchaiyoujikongzhixitong","8":"description-off","10":"first","11":"instock","12":"taxable","13":"shipping-taxable","14":"product-type-simple"},"_links":{"self":[{"href":"http:\/\/www.erun-tech.com\/vi\/wp-json\/wp\/v2\/product\/15146","targetHints":{"allow":["GET"]}}],"collection":[{"href":"http:\/\/www.erun-tech.com\/vi\/wp-json\/wp\/v2\/product"}],"about":[{"href":"http:\/\/www.erun-tech.com\/vi\/wp-json\/wp\/v2\/types\/product"}],"replies":[{"embeddable":true,"href":"http:\/\/www.erun-tech.com\/vi\/wp-json\/wp\/v2\/comments?post=15146"}],"wp:featuredmedia":[{"embeddable":true,"href":"http:\/\/www.erun-tech.com\/vi\/wp-json\/wp\/v2\/media\/15147"}],"wp:attachment":[{"href":"http:\/\/www.erun-tech.com\/vi\/wp-json\/wp\/v2\/media?parent=15146"}],"wp:term":[{"taxonomy":"product_brand","embeddable":true,"href":"http:\/\/www.erun-tech.com\/vi\/wp-json\/wp\/v2\/product_brand?post=15146"},{"taxonomy":"product_cat","embeddable":true,"href":"http:\/\/www.erun-tech.com\/vi\/wp-json\/wp\/v2\/product_cat?post=15146"},{"taxonomy":"product_tag","embeddable":true,"href":"http:\/\/www.erun-tech.com\/vi\/wp-json\/wp\/v2\/product_tag?post=15146"}],"curies":[{"name":"wp","href":"https:\/\/api.w.org\/{rel}","templated":true}]}}