{"id":2434,"date":"2019-07-09T17:37:53","date_gmt":"2019-07-09T09:37:53","guid":{"rendered":"http:\/\/www.eruntec.com\/?post_type=product&#038;p=2434"},"modified":"2024-03-27T22:04:41","modified_gmt":"2024-03-27T14:04:41","slug":"jiushengfubaowenjinshuifu","status":"publish","type":"product","link":"http:\/\/www.erun-tech.com\/vi\/product\/jiushengfubaowenjinshuifu","title":{"rendered":"\u00c1o kho\u00e1c gi\u1eef nhi\u1ec7t ch\u1ed1ng th\u1ea5m n\u01b0\u1edbc"},"content":{"rendered":"<h2 style=\"text-align: center;\">\u00c1o kho\u00e1c gi\u1eef nhi\u1ec7t ch\u1ed1ng th\u1ea5m n\u01b0\u1edbc<\/h2>\n<div><strong>C\u01a1 s\u1edf ph\u00e1p l\u00fd: \"Quy \u0111\u1ecbnh v\u1ec1 qu\u1ea3n l\u00fd \u0111\u00e0o t\u1ea1o thuy\u1ec1n vi\u00ean c\u1ee7a C\u1ed9ng h\u00f2a Nh\u00e2n d\u00e2n Trung Hoa\" (Ngh\u1ecb \u0111\u1ecbnh s\u1ed1 5 n\u0103m 2019 c\u1ee7a B\u1ed9 Giao th\u00f4ng V\u1eadn t\u1ea3i)<\/strong><\/div>\n<div><strong>Ph\u00e2n lo\u1ea1i s\u1ea3n ph\u1ea9m: Ph\u00f2ng th\u1ef1c h\u00e0nh an to\u00e0n c\u01a1 b\u1ea3n (Z01)<\/strong><\/div>\n<div><strong>T\u00ean s\u1ea3n ph\u1ea9m: \u00c1o kho\u00e1c ch\u1ed1ng th\u1ea5m n\u01b0\u1edbc<\/strong><\/div>\n<div><strong>Y\u00eau c\u1ea7u ch\u1ee9c n\u0103ng: Ph\u00f9 h\u1ee3p v\u1edbi ti\u00eau chu\u1ea9n h\u00e0ng h\u1ea3i.<\/strong><\/div>\n<div><strong>S\u1ed1 l\u01b0\u1ee3ng quy \u0111\u1ecbnh: 10 b\u1ed9<\/strong><\/div>\n<div><\/div>\n<p><img decoding=\"async\" class=\"alignnone size-full wp-image-14223\" src=\"http:\/\/www.erun-tech.com\/wp-content\/uploads\/2022\/03\/9575432036_1751818816.jpg\" width=\"800\" height=\"550\" alt=\"undefined\" srcset=\"http:\/\/www.erun-tech.com\/wp-content\/uploads\/2022\/03\/9575432036_1751818816.jpg 800w, http:\/\/www.erun-tech.com\/wp-content\/uploads\/2022\/03\/9575432036_1751818816-600x413.jpg 600w, http:\/\/www.erun-tech.com\/wp-content\/uploads\/2022\/03\/9575432036_1751818816-300x206.jpg 300w, http:\/\/www.erun-tech.com\/wp-content\/uploads\/2022\/03\/9575432036_1751818816-768x528.jpg 768w\" sizes=\"(max-width: 800px) 100vw, 800px\" title=\"\u4fdd\u6e29\u6d78\u6c34\u670d\u63d2\u56fe\" \/><\/p>\n<p><img decoding=\"async\" class=\"alignnone size-full wp-image-14224\" src=\"http:\/\/www.erun-tech.com\/wp-content\/uploads\/2022\/03\/9575423241_1751818816.jpg\" width=\"800\" height=\"658\" alt=\"undefined\" srcset=\"http:\/\/www.erun-tech.com\/wp-content\/uploads\/2022\/03\/9575423241_1751818816.jpg 800w, http:\/\/www.erun-tech.com\/wp-content\/uploads\/2022\/03\/9575423241_1751818816-600x494.jpg 600w, http:\/\/www.erun-tech.com\/wp-content\/uploads\/2022\/03\/9575423241_1751818816-300x247.jpg 300w, http:\/\/www.erun-tech.com\/wp-content\/uploads\/2022\/03\/9575423241_1751818816-768x632.jpg 768w\" sizes=\"(max-width: 800px) 100vw, 800px\" title=\"\u4fdd\u6e29\u6d78\u6c34\u670d\u63d2\u56fe1\" \/><\/p>\n<p><img decoding=\"async\" class=\"alignnone size-full wp-image-14225\" src=\"http:\/\/www.erun-tech.com\/wp-content\/uploads\/2022\/03\/9575429113_1751818816.jpg\" width=\"800\" height=\"488\" alt=\"undefined\" srcset=\"http:\/\/www.erun-tech.com\/wp-content\/uploads\/2022\/03\/9575429113_1751818816.jpg 800w, http:\/\/www.erun-tech.com\/wp-content\/uploads\/2022\/03\/9575429113_1751818816-600x366.jpg 600w, http:\/\/www.erun-tech.com\/wp-content\/uploads\/2022\/03\/9575429113_1751818816-300x183.jpg 300w, http:\/\/www.erun-tech.com\/wp-content\/uploads\/2022\/03\/9575429113_1751818816-768x468.jpg 768w\" sizes=\"(max-width: 800px) 100vw, 800px\" title=\"\u4fdd\u6e29\u6d78\u6c34\u670d\u63d2\u56fe2\" \/><\/p>\n<p><img decoding=\"async\" class=\"alignnone size-full wp-image-14226\" src=\"http:\/\/www.erun-tech.com\/wp-content\/uploads\/2022\/03\/9553426649_1751818816.jpg\" width=\"800\" height=\"524\" alt=\"undefined\" srcset=\"http:\/\/www.erun-tech.com\/wp-content\/uploads\/2022\/03\/9553426649_1751818816.jpg 800w, http:\/\/www.erun-tech.com\/wp-content\/uploads\/2022\/03\/9553426649_1751818816-600x393.jpg 600w, http:\/\/www.erun-tech.com\/wp-content\/uploads\/2022\/03\/9553426649_1751818816-300x197.jpg 300w, http:\/\/www.erun-tech.com\/wp-content\/uploads\/2022\/03\/9553426649_1751818816-768x503.jpg 768w\" sizes=\"(max-width: 800px) 100vw, 800px\" title=\"\u4fdd\u6e29\u6d78\u6c34\u670d\u63d2\u56fe3\" \/><\/p>\n<p>\u00c1o kho\u00e1c gi\u1eef nhi\u1ec7t ch\u1ed1ng th\u1ea5m n\u01b0\u1edbc:<\/p>\n<p>S\u1ea3n ph\u1ea9m trong series n\u00e0y tu\u00e2n th\u1ee7 c\u00e1c y\u00eau c\u1ea7u c\u1ee7a: C\u00f4ng \u01b0\u1edbc SOLAS n\u0103m 1974 (s\u1eeda \u0111\u1ed5i n\u0103m 1996), Quy t\u1eafc v\u1ec1 thi\u1ebft b\u1ecb c\u1ee9u sinh v\u00e0 Ngh\u1ecb quy\u1ebft MSC.8170 c\u1ee7a H\u1ed9i \u0111\u1ed3ng An to\u00e0n H\u00e0ng h\u1ea3i v\u1ec1 th\u1eed nghi\u1ec7m thi\u1ebft b\u1ecb c\u1ee9u sinh.<br \/>\n<strong>\u00c1o phao gi\u1eef nhi\u1ec7t<\/strong>Tham s\u1ed1:<\/p>\n<p>&nbsp;<\/p>\n<table border=\"1\" cellspacing=\"0\" cellpadding=\"0\">\n<tbody>\n<tr>\n<td><strong>Th\u1eddi gian m\u1eb7c<\/strong><\/p>\n<p><strong>Th\u1eddi gian \u0111eo<\/strong><\/td>\n<td><strong>&lt;2 ph\u00fat<\/strong><\/td>\n<\/tr>\n<tr>\n<td><strong>Nhi\u1ec7t \u0111\u1ed9 b\u1ea3o qu\u1ea3n<\/strong><\/p>\n<p><strong>L\u01b0u tr\u1eef<\/strong><strong>\u00a0nhi\u1ec7t \u0111\u1ed9<\/strong><\/td>\n<td>-30\u2103\uff5e 65\u2103<\/td>\n<\/tr>\n<tr>\n<td><strong>K\u00edch th\u01b0\u1edbc ti\u00eau chu\u1ea9n<\/strong><\/p>\n<p><strong>Th\u00f4ng s\u1ed1 k\u1ef9 thu\u1eadt<\/strong><\/td>\n<td>Lo\u1ea1i L: Ph\u00f9 h\u1ee3p v\u1edbi ng\u01b0\u1eddi c\u00f3 chi\u1ec1u cao tr\u00ean 1,75m; Lo\u1ea1i S: Ph\u00f9 h\u1ee3p v\u1edbi ng\u01b0\u1eddi c\u00f3 chi\u1ec1u cao d\u01b0\u1edbi 1,75m.<\/p>\n<p>Lo\u1ea1i L: Ph\u00f9 h\u1ee3p v\u1edbi ng\u01b0\u1eddi c\u00f3 chi\u1ec1u cao tr\u00ean 1,75m;<\/p>\n<p>Lo\u1ea1i S: Ph\u00f9 h\u1ee3p v\u1edbi ng\u01b0\u1eddi c\u00f3 chi\u1ec1u cao d\u01b0\u1edbi 1,75m;;<\/td>\n<\/tr>\n<tr>\n<td><strong>Kh\u1ea3 n\u0103ng th\u1ea5m n\u01b0\u1edbc<\/strong><\/p>\n<p><strong>Ch\u1ed1ng th\u1ea5m n\u01b0\u1edbc<\/strong><\/p>\n<p><strong>hi\u1ec7u su\u1ea5t<\/strong><\/td>\n<td>Ng\u01b0\u1eddi m\u1eb7c c\u00f3 th\u1ec3 n\u1ed5i tr\u00ean m\u1eb7t n\u01b0\u1edbc trong 1 gi\u1edd, l\u01b0\u1ee3ng n\u01b0\u1edbc th\u1ea5m v\u00e0o qu\u1ea7n \u00e1o kh\u00f4ng v\u01b0\u1ee3t qu\u00e1 200g.<\/p>\n<p>L\u01b0\u1ee3ng th\u1ea5m n\u01b0\u1edbc nh\u1ecf h\u01a1n 200g sau khi ng\u01b0\u1eddi m\u1eb7c n\u1ed5i tr\u00ean m\u1eb7t n\u01b0\u1edbc trong m\u1ed9t gi\u1edd.<\/td>\n<\/tr>\n<tr>\n<td><strong>T\u00ednh ch\u1ea5t c\u00e1ch nhi\u1ec7t<\/strong><\/p>\n<p><strong>C\u00e1ch nhi\u1ec7t<\/strong><\/p>\n<p><strong>hi\u1ec7u su\u1ea5t<\/strong><\/td>\n<td>Ng\u01b0\u1eddi m\u1eb7c \u0111\u01b0\u1ee3c ng\u00e2m trong d\u00f2ng n\u01b0\u1edbc t\u0129nh \u1edf nhi\u1ec7t \u0111\u1ed9 0-2\u00b0C trong 6 gi\u1edd, nhi\u1ec7t \u0111\u1ed9 c\u01a1 th\u1ec3 gi\u1ea3m kh\u00f4ng qu\u00e1 2\u00b0C.<\/p>\n<p>Sau khi ng\u01b0\u1eddi m\u1eb7c ng\u00e2m m\u00ecnh trong n\u01b0\u1edbc \u0111\u1ee9ng y\u00ean \u1edf nhi\u1ec7t \u0111\u1ed9 0-2\u2103 trong 6 gi\u1edd, nhi\u1ec7t \u0111\u1ed9 c\u01a1 th\u1ec3 s\u1ebd th\u1ea5p h\u01a1n 2\u2103.<\/td>\n<\/tr>\n<tr>\n<td><strong>Kh\u1ea3 n\u0103ng n\u1ed5i<\/strong><\/p>\n<p><strong>L\u1ef1c n\u1ed5i<\/strong><\/p>\n<p><strong>hi\u1ec7u su\u1ea5t<\/strong><\/td>\n<td>Ng\u01b0\u1eddi m\u1eb7c c\u00f3 th\u1ec3 l\u1eadt m\u1eb7t l\u00ean trong v\u00f2ng 5 gi\u00e2y, m\u0169i v\u00e0 mi\u1ec7ng nh\u00f4 l\u00ean kh\u1ecfi m\u1eb7t n\u01b0\u1edbc 120mm, ng\u00e2m trong n\u01b0\u1edbc 24 gi\u1edd, \u0111\u1ed9 m\u1ea5t n\u1ed5i gi\u1ea3m d\u01b0\u1edbi 5%.<\/p>\n<p>Ng\u01b0\u1eddi m\u1eb7c c\u00f3 th\u1ec3 l\u1eadt ng\u01b0\u1eddi trong v\u00f2ng 5 gi\u00e2y, sao cho m\u1eb7t h\u01b0\u1edbng l\u00ean tr\u00ean, ph\u1ea7n m\u0169i v\u00e0 mi\u1ec7ng c\u00e1ch m\u1eb7t n\u01b0\u1edbc 120mm. Sau khi ng\u01b0\u1eddi m\u1eb7c ng\u00e2m trong n\u01b0\u1edbc 24 gi\u1edd, l\u1ef1c n\u1ed5i c\u1ee7a b\u1ed9 \u0111\u1ed3 gi\u1ea3m \u00edt h\u01a1n<\/td>\n<\/tr>\n<\/tbody>\n<\/table>","protected":false},"excerpt":{"rendered":"<p>Quy \u0111\u1ecbnh c\u1ea7n 10 b\u1ed9, ph\u00f9 h\u1ee3p v\u1edbi ti\u00eau chu\u1ea9n h\u00e0ng h\u1ea3i.<\/p>","protected":false},"featured_media":14223,"comment_status":"open","ping_status":"closed","template":"","meta":[],"product_brand":[],"product_cat":[33,322],"product_tag":[140],"class_list":{"0":"post-2434","1":"product","2":"type-product","3":"status-publish","4":"has-post-thumbnail","6":"product_cat-jibenanquanshixunshiz01","7":"product_cat-haishangjiaotonganquanjinengpeixun","8":"product_tag-baowenjinshuifu","9":"description-off","11":"first","12":"instock","13":"sale","14":"taxable","15":"shipping-taxable","16":"purchasable","17":"product-type-simple"},"_links":{"self":[{"href":"http:\/\/www.erun-tech.com\/vi\/wp-json\/wp\/v2\/product\/2434","targetHints":{"allow":["GET"]}}],"collection":[{"href":"http:\/\/www.erun-tech.com\/vi\/wp-json\/wp\/v2\/product"}],"about":[{"href":"http:\/\/www.erun-tech.com\/vi\/wp-json\/wp\/v2\/types\/product"}],"replies":[{"embeddable":true,"href":"http:\/\/www.erun-tech.com\/vi\/wp-json\/wp\/v2\/comments?post=2434"}],"wp:featuredmedia":[{"embeddable":true,"href":"http:\/\/www.erun-tech.com\/vi\/wp-json\/wp\/v2\/media\/14223"}],"wp:attachment":[{"href":"http:\/\/www.erun-tech.com\/vi\/wp-json\/wp\/v2\/media?parent=2434"}],"wp:term":[{"taxonomy":"product_brand","embeddable":true,"href":"http:\/\/www.erun-tech.com\/vi\/wp-json\/wp\/v2\/product_brand?post=2434"},{"taxonomy":"product_cat","embeddable":true,"href":"http:\/\/www.erun-tech.com\/vi\/wp-json\/wp\/v2\/product_cat?post=2434"},{"taxonomy":"product_tag","embeddable":true,"href":"http:\/\/www.erun-tech.com\/vi\/wp-json\/wp\/v2\/product_tag?post=2434"}],"curies":[{"name":"wp","href":"https:\/\/api.w.org\/{rel}","templated":true}]}}