{"id":2469,"date":"2019-07-09T23:16:57","date_gmt":"2019-07-09T15:16:57","guid":{"rendered":"http:\/\/www.eruntec.com\/?post_type=product&#038;p=2469"},"modified":"2026-01-04T18:24:18","modified_gmt":"2026-01-04T10:24:18","slug":"yingjiweixingwuxiandianshiweibiao","status":"publish","type":"product","link":"http:\/\/www.erun-tech.com\/vi\/product\/yingjiweixingwuxiandianshiweibiao","title":{"rendered":"Thi\u1ebft b\u1ecb \u0111\u1ecbnh v\u1ecb kh\u1ea9n c\u1ea5p b\u1eb1ng v\u1ec7 tinh"},"content":{"rendered":"<h2 style=\"text-align: center;\" data-spm-anchor-id=\"a261y.7663282.descBanner.i0.374f673bjU4lQV\">Thi\u1ebft b\u1ecb \u0111\u1ecbnh v\u1ecb kh\u1ea9n c\u1ea5p b\u1eb1ng v\u1ec7 tinh<\/h2>\n<p data-spm-anchor-id=\"a261y.7663282.descBanner.i0.374f673bjU4lQV\"><strong>C\u01a1 s\u1edf ph\u00e1p l\u00fd: \"Quy \u0111\u1ecbnh v\u1ec1 qu\u1ea3n l\u00fd \u0111\u00e0o t\u1ea1o thuy\u1ec1n vi\u00ean c\u1ee7a C\u1ed9ng h\u00f2a Nh\u00e2n d\u00e2n Trung Hoa\" (Ngh\u1ecb \u0111\u1ecbnh s\u1ed1 5 n\u0103m 2019 c\u1ee7a B\u1ed9 Giao th\u00f4ng V\u1eadn t\u1ea3i)<\/strong><br \/>\n<strong>Ph\u00e2n lo\u1ea1i s\u1ea3n ph\u1ea9m: Ph\u00f2ng th\u1ef1c h\u00e0nh an to\u00e0n c\u01a1 b\u1ea3n (Z01), Ph\u00f2ng th\u1ef1c h\u00e0nh s\u01a1 c\u1ee9u n\u00e2ng cao (Z05)<\/strong><br \/>\n<strong>T\u00ean s\u1ea3n ph\u1ea9m: Thi\u1ebft b\u1ecb \u0111\u1ecbnh v\u1ecb kh\u1ea9n c\u1ea5p v\u1ec7 tinh<\/strong><br \/>\n<strong>Y\u00eau c\u1ea7u ch\u1ee9c n\u0103ng: Ph\u1ea3i \u0111\u01b0\u1ee3c trang b\u1ecb v\u1eadt ph\u1ea9m th\u1ef1c t\u1ebf v\u00e0 t\u00e0i li\u1ec7u \u00e2m thanh, h\u00ecnh \u1ea3nh li\u00ean quan \u0111\u1ebfn vi\u1ec7c s\u1eed d\u1ee5ng v\u00e0 v\u1eadn h\u00e0nh.<\/strong><br \/>\n<strong>S\u1ed1 l\u01b0\u1ee3ng quy \u0111\u1ecbnh: Ph\u00f2ng th\u1ef1c h\u00e0nh an to\u00e0n c\u01a1 b\u1ea3n (Z01) v\u00e0 Ph\u00f2ng th\u1ef1c h\u00e0nh c\u1ea5p c\u1ee9u chuy\u00ean s\u00e2u (Z05) m\u1ed7i lo\u1ea1i 1 chi\u1ebfc.<\/strong><\/p>\n<p data-spm-anchor-id=\"a261y.7663282.descBanner.i0.374f673bjU4lQV\">\n<h3>\u0110\u00e8n hi\u1ec7u v\u00f4 tuy\u1ebfn kh\u1ea9n c\u1ea5p v\u1ec7 tinh<\/h3>\n<p data-spm-anchor-id=\"a261y.7663282.descBanner.i0.374f673bjU4lQV\">\n<div class=\"lemma-summary\">\n<div class=\"para\">\u0110\u00e8n hi\u1ec7u v\u00f4 tuy\u1ebfn kh\u1ea9n c\u1ea5p (EPIRB, Emergency position indicating radio beacon) th\u01b0\u1eddng \u0111\u01b0\u1ee3c g\u1ecdi t\u1eaft l\u00e0 \u0111\u00e8n hi\u1ec7u, do t\u1ea7n s\u1ed1 ho\u1ea1t \u0111\u1ed9ng g\u1ea7n 406MHz n\u00ean c\u0169ng th\u01b0\u1eddng \u0111\u01b0\u1ee3c g\u1ecdi t\u1eaft l\u00e0 406, c\u00f2n \u0111\u01b0\u1ee3c g\u1ecdi l\u00e0 \u0111\u00e8n hi\u1ec7u v\u00f4 tuy\u1ebfn kh\u1ea9n c\u1ea5p.<\/div>\n<\/div>\n<p data-spm-anchor-id=\"a261y.7663282.descBanner.i0.374f673bjU4lQV\">Khi t\u00e0u g\u1eb7p n\u1ea1n v\u00e0 ch\u00ecm, thi\u1ebft b\u1ecb \u0111\u1ecbnh v\u1ecb VEP8 s\u1ebd t\u1ef1 \u0111\u1ed9ng b\u1eadt ra kh\u1ecfi thi\u1ebft b\u1ecb gi\u1ea3i ph\u00f3ng, ph\u00e1t t\u00edn hi\u1ec7u c\u1ea5p c\u1ee9u kh\u1ea9n c\u1ea5p 406MHz. Sau khi t\u00edn hi\u1ec7u \u0111\u01b0\u1ee3c v\u1ec7 tinh h\u1ec7 th\u1ed1ng Cospas\/Sarsat nh\u1eadn \u0111\u01b0\u1ee3c, n\u00f3 s\u1ebd \u0111\u01b0\u1ee3c truy\u1ec1n \u0111i.<br \/>\n\u0110\u1ea1t \u0111\u1ebfn thi\u1ebft b\u1ecb \u0111\u1ea7u cu\u1ed1i tr\u00ean b\u1edd. LUT (thi\u1ebft b\u1ecb \u0111\u1ea7u cu\u1ed1i ng\u01b0\u1eddi d\u00f9ng c\u1ee5c b\u1ed9) s\u1ebd gi\u1ea3i m\u00e3 v\u00e0 ph\u00e2n t\u00edch v\u1ecb tr\u00ed \u0111i\u1ec3m \u0111\u00e1nh d\u1ea5u, sau \u0111\u00f3 truy\u1ec1n th\u00f4ng tin \u0111\u1ebfn RCC (trung t\u00e2m t\u00ecm ki\u1ebfm v\u00e0 c\u1ee9u n\u1ea1n) \u0111\u1ec3 th\u1ef1c hi\u1ec7n c\u1ee9u h\u1ed9 kh\u1ea9n c\u1ea5p.<\/p>\n<div class=\"para\">Trong c\u00e1c ho\u1ea1t \u0111\u1ed9ng kinh t\u1ebf bi\u1ec3n, m\u1ed9t v\u1ea5n \u0111\u1ec1 quan tr\u1ecdng th\u01b0\u1eddng g\u1eb7p l\u00e0 an to\u00e0n v\u00e0 c\u1ee9u h\u1ed9.Trong c\u00e1c ho\u1ea1t \u0111\u1ed9ng kinh t\u1ebf bi\u1ec3n, c\u00f3 th\u1ec3 x\u1ea3y ra c\u00e1c tai n\u1ea1n th\u1ea3m kh\u1ed1c nh\u01b0 va v\u00e0o \u0111\u00e1 ng\u1ea7m, b\u00e3o l\u1edbn, s\u00f3ng l\u1edbn, c\u01b0\u1edbp bi\u1ec3n, \u0111e d\u1ecda t\u1eeb t\u00e0u qu\u00e2n s\u1ef1 v\u00e0 c\u1ea3nh s\u00e1t n\u01b0\u1edbc ngo\u00e0i, \u0111e d\u1ecda t\u1eeb sinh v\u1eadt bi\u1ec3n, va ch\u1ea1m gi\u1eefa c\u00e1c gi\u00e0n khoan\/t\u00e0u, m\u1ea5t \u0111\u1ed9ng l\u1ef1c, v.v., \u0111e d\u1ecda nghi\u00eam tr\u1ecdng \u0111\u1ebfn t\u00ednh m\u1ea1ng con ng\u01b0\u1eddi v\u00e0 c\u00e1c ho\u1ea1t \u0111\u1ed9ng kinh t\u1ebf bi\u1ec3n. N\u1ebfu kh\u00f4ng th\u1ec3 gi\u1ea3i quy\u1ebft v\u1ea5n \u0111\u1ec1 b\u00e1o \u0111\u1ed9ng c\u1ee9u h\u1ed9 tr\u00ean bi\u1ec3n v\u00e0 gi\u1ea3m s\u1ed1 l\u01b0\u1ee3ng th\u01b0\u01a1ng vong, \u0111i\u1ec1u n\u00e0y s\u1ebd \u1ea3nh h\u01b0\u1edfng tr\u1ef1c ti\u1ebfp \u0111\u1ebfn s\u1ef1 ph\u00e1t tri\u1ec3n c\u1ee7a kinh t\u1ebf bi\u1ec3n.<\/p>\n<div class=\"lemma-picture text-pic layout-right\"><img decoding=\"async\" class=\"alignnone size-full wp-image-14210\" src=\"http:\/\/www.erun-tech.com\/wp-content\/uploads\/2022\/03\/20160503080493719371.jpg\" width=\"537\" height=\"448\"  srcset=\"http:\/\/www.erun-tech.com\/wp-content\/uploads\/2022\/03\/20160503080493719371.jpg 537w, http:\/\/www.erun-tech.com\/wp-content\/uploads\/2022\/03\/20160503080493719371-300x250.jpg 300w\" sizes=\"(max-width: 537px) 100vw, 537px\" title=\"\u536b\u661f\u5e94\u6025\u65e0\u7ebf\u7535\u793a\u4f4d\u6807\u8bbe\u5907\u63d2\u56fe\" alt=\"\u536b\u661f\u5e94\u6025\u65e0\u7ebf\u7535\u793a\u4f4d\u6807\u8bbe\u5907\u63d2\u56fe\" \/><\/div>\n<\/div>\n<div class=\"para\">Trong tr\u01b0\u1eddng h\u1ee3p x\u1ea3y ra tai n\u1ea1n, th\u01b0\u1eddng do t\u00e0u ch\u00ecm, ho\u1eb7c n\u01b0\u1edbc tr\u00e0n v\u00e0o gi\u00e0n khoan, ho\u1eb7c m\u1ea5t ngu\u1ed3n n\u0103ng l\u01b0\u1ee3ng, ho\u1eb7c nhi\u1ec5u \u0111i\u1ec7n t\u1eeb, v.v., c\u00e1c thi\u1ebft b\u1ecb li\u00ean l\u1ea1c nh\u01b0 \u0111\u00e0i ph\u00e1t thanh\/li\u00ean l\u1ea1c v\u1ec7 tinh\/\u0111i\u1ec7n tho\u1ea1i di \u0111\u1ed9ng th\u01b0\u1eddng kh\u00f4ng th\u1ec3 s\u1eed d\u1ee5ng \u0111\u01b0\u1ee3c do m\u1ea5t ngu\u1ed3n n\u0103ng l\u01b0\u1ee3ng ho\u1eb7c b\u1ecb n\u01b0\u1edbc tr\u00e0n v\u00e0o. Trong \u0111\u00f3, vi\u1ec7c s\u1eed d\u1ee5ng \u0111i\u1ec7n tho\u1ea1i di \u0111\u1ed9ng v\u00e0 \u0111\u00e0i ph\u00e1t thanh c\u00f2n b\u1ecb h\u1ea1n ch\u1ebf b\u1edfi kho\u1ea3ng c\u00e1ch, v\u00e0 kh\u00f4ng th\u1ec3 s\u1eed d\u1ee5ng b\u00ecnh th\u01b0\u1eddng \u1edf nhi\u1ec1u v\u00f9ng bi\u1ec3n.<\/div>\n<div class=\"para\">\u0110\u1ec3 tr\u00e1nh x\u1ea3y ra c\u00e1c tr\u01b0\u1eddng h\u1ee3p th\u01b0\u01a1ng vong do kh\u00f4ng th\u1ec3 c\u1ee9u h\u1ed9 ho\u1eb7c c\u1ee9u h\u1ed9 kh\u00f4ng k\u1ecbp th\u1eddi, t\u1ed5 ch\u1ee9c v\u1ec7 tinh COSPAS-SARSAT \u0111\u00e3 \u0111\u01b0\u1ee3c th\u00e0nh l\u1eadp tr\u00ean ph\u1ea1m vi qu\u1ed1c t\u1ebf v\u00e0 ban h\u00e0nh c\u00e1c ti\u00eau chu\u1ea9n s\u1ea3n ph\u1ea9m cho thi\u1ebft b\u1ecb ph\u00e1t t\u00edn hi\u1ec7u kh\u1ea9n c\u1ea5p (EPIRB).H\u1ec7 th\u1ed1ng COSPAS-SARSAT (COSPAS l\u00e0 t\u1eeb ti\u1ebfng Nga \u0111\u01b0\u1ee3c La-tinh h\u00f3a, t\u00ean \u0111\u1ea7y \u0111\u1ee7 b\u1eb1ng ti\u1ebfng Anh l\u00e0 Space System For Search of Distress Vessels, SARSAT-Search And Rescue Satellite Aided Tracking), ban \u0111\u1ea7u \u0111\u01b0\u1ee3c g\u1ecdi l\u00e0 \u201cH\u1ec7 th\u1ed1ng v\u1ec7 tinh t\u00ecm ki\u1ebfm v\u00e0 c\u1ee9u h\u1ed9 qu\u1ef9 \u0111\u1ea1o th\u1ea5p\u201d, sau \u0111\u00f3 h\u1ec7 th\u1ed1ng n\u00e0y \u0111\u00e3 gi\u1edbi thi\u1ec7u v\u1ec7 tinh t\u0129nh l\u00e0m b\u1ed9 chuy\u1ec3n ti\u1ebfp, do \u0111\u00f3 h\u1ec7 th\u1ed1ng \u0111\u01b0\u1ee3c \u0111\u1ed5i t\u00ean th\u00e0nh \u201cH\u1ec7 th\u1ed1ng v\u1ec7 tinh t\u00ecm ki\u1ebfm v\u00e0 c\u1ee9u h\u1ed9 qu\u1ed1c t\u1ebf\u201d.<\/p>\n<div class=\"lemma-picture text-pic layout-right\"><img decoding=\"async\" class=\"alignnone size-full wp-image-14211\" src=\"http:\/\/www.erun-tech.com\/wp-content\/uploads\/2022\/03\/20160503080579537953.jpg\" width=\"537\" height=\"449\"  srcset=\"http:\/\/www.erun-tech.com\/wp-content\/uploads\/2022\/03\/20160503080579537953.jpg 537w, http:\/\/www.erun-tech.com\/wp-content\/uploads\/2022\/03\/20160503080579537953-300x251.jpg 300w\" sizes=\"(max-width: 537px) 100vw, 537px\" title=\"\u536b\u661f\u5e94\u6025\u65e0\u7ebf\u7535\u793a\u4f4d\u6807\u8bbe\u5907\u63d2\u56fe1\" alt=\"\u536b\u661f\u5e94\u6025\u65e0\u7ebf\u7535\u793a\u4f4d\u6807\u8bbe\u5907\u63d2\u56fe1\" \/><\/div>\n<\/div>\n<p>&nbsp;<\/p>\n<p>VEP8 v\u1ec7 tinh \u0111\u00e8n hi\u1ec7u kh\u1ea9n c\u1ea5p \u0111\u01b0\u1ee3c thi\u1ebft k\u1ebf theo ti\u00eau chu\u1ea9n qu\u1ed1c gia v\u00e0 qu\u1ed1c t\u1ebf, ph\u00f9 h\u1ee3p cho c\u00e1c lo\u1ea1i t\u00e0u thuy\u1ec1n trong n\u01b0\u1edbc v\u00e0 qu\u1ed1c t\u1ebf.<\/p>\n<p>&nbsp;<\/p>\n<p>1. C\u00e1c ch\u1ec9 ti\u00eau k\u1ef9 thu\u1eadt ch\u00ednh<\/p>\n<p>&nbsp;<\/p>\n<p>Ph\u1ea1m vi nhi\u1ec7t \u0111\u1ed9 l\u00e0m vi\u1ec7c: -20\u2103 \u0111\u1ebfn +55\u2103<\/p>\n<p>&nbsp;<\/p>\n<p>Ph\u1ea1m vi nhi\u1ec7t \u0111\u1ed9 b\u1ea3o qu\u1ea3n: -40\u2103 \u0111\u1ebfn +65\u2103<\/p>\n<p>&nbsp;<\/p>\n<p>Pin: Pin lithium, b\u1ea3o h\u00e0nh 4 n\u0103m<\/p>\n<p>&nbsp;<\/p>\n<p>Th\u1eddi gian ho\u1ea1t \u0111\u1ed9ng: -48 gi\u1edd \u1edf -20\u2103 ho\u1eb7c 80 gi\u1edd \u1edf +20\u2103<\/p>\n<p>&nbsp;<\/p>\n<p>V\u1ecf: Nh\u1ef1a ABS<\/p>\n<p>&nbsp;<\/p>\n<p>K\u00edch th\u01b0\u1edbc: \u03a6140\/231,5 mm (kh\u00f4ng bao g\u1ed3m \u0103ng-ten)<\/p>\n<p>&nbsp;<\/p>\n<p>Tr\u1ecdng l\u01b0\u1ee3ng: &lt; 1,7 kg<\/p>\n<p>&nbsp;<\/p>\n<p>\u0110\u00e8n nh\u1ea5p nh\u00e1y: 20 l\u1ea7n m\u1ed7i ph\u00fat (t\u1ed1i thi\u1ec3u 0,75 cd)<\/p>\n<p>&nbsp;<\/p>\n<p>2.406MHz v\u1ec7 tinh ph\u00f3ng<\/p>\n<p>&nbsp;<\/p>\n<p>T\u1ea7n s\u1ed1 \u0111\u1ea7u ra: 406,028 MHz \u00b1 1 kHz<\/p>\n<p>&nbsp;<\/p>\n<p>C\u00f4ng su\u1ea5t \u0111\u1ea7u ra: 5W (37dBm) \u00b1 2dB<\/p>\n<p>&nbsp;<\/p>\n<p>\u0110i\u1ec1u ch\u1ebf pha: \u0110\u1ec9nh l\u00e0 1,1 rad \u00b1 0,1 rad<\/p>\n<p>&nbsp;<\/p>\n<p>C\u00e1ch m\u00e3 h\u00f3a: M\u00e3 h\u00f3a L hai pha<\/p>\n<p>&nbsp;<\/p>\n<p>3.121.5MHz t\u1ef1 \u0111\u1ed9ng d\u1eabn \u0111\u01b0\u1eddng ph\u00e1t s\u00f3ng<\/p>\n<p>&nbsp;<\/p>\n<p>T\u1ea7n s\u1ed1: 121,5 MHz \u00b1 3 kHz<\/p>\n<p>&nbsp;<\/p>\n<p>C\u00f4ng su\u1ea5t \u0111\u1ea7u ra: &gt; 50mW (+17 dBm)<\/p>\n<p>&nbsp;<\/p>\n<p>Ph\u01b0\u01a1ng th\u1ee9c \u0111i\u1ec1u ch\u1ebf: A3X<\/p>\n<p>&nbsp;<\/p>\n<p>T\u1ef7 l\u1ec7 chi\u1ebfm d\u1ee5ng ph\u00e1t: 100% (ph\u00e1t li\u00ean t\u1ee5c)<\/p>\n<p>&nbsp;<\/p>\n<p>4. H\u1ec7 th\u1ed1ng \u0111\u1ecbnh v\u1ecb v\u1ec7 tinh GPS<\/p>\n<p>&nbsp;<\/p>\n<p>K\u00eanh nh\u1eadn: 50<\/p>\n<p>&nbsp;<\/p>\n<p>\u0110\u1ed9 nh\u1ea1y: -160dBm<\/p>\n<p>&nbsp;<\/p>\n<p>\u0110\u1ed9 ch\u00ednh x\u00e1c \u0111\u1ecbnh v\u1ecb 2,5m<\/p>\n<p>&nbsp;<\/p>\n<p>Kh\u1edfi \u0111\u1ed9ng n\u00f3ng &lt;1 gi\u00e2y<\/p>\n<p>&nbsp;<\/p>","protected":false},"excerpt":{"rendered":"<p>Theo quy \u0111\u1ecbnh, m\u1ed7i t\u00e0u ph\u1ea3i trang b\u1ecb m\u1ed9t thi\u1ebft b\u1ecb \u0111\u00e1p \u1ee9ng radar t\u00ecm ki\u1ebfm c\u1ee9u n\u1ea1n, m\u1ed9t thi\u1ebft b\u1ecb \u0111\u1ecbnh v\u1ecb v\u1ec7 tinh v\u00e0 m\u1ed9t thi\u1ebft b\u1ecb \u0111\u1ecbnh v\u1ecb kh\u1ea9n c\u1ea5p b\u1eb1ng s\u00f3ng v\u00f4 tuy\u1ebfn, k\u00e8m theo t\u00e0i li\u1ec7u h\u01b0\u1edbng d\u1eabn s\u1eed d\u1ee5ng b\u1eb1ng h\u00ecnh \u1ea3nh v\u00e0 \u00e2m thanh.<\/p>","protected":false},"featured_media":14210,"comment_status":"open","ping_status":"closed","template":"","meta":[],"product_brand":[],"product_cat":[33,322,36],"product_tag":[133,132,134],"class_list":{"0":"post-2469","1":"product","2":"type-product","3":"status-publish","4":"has-post-thumbnail","6":"product_cat-jibenanquanshixunshiz01","7":"product_cat-haishangjiaotonganquanjinengpeixun","8":"product_cat-jingtongjijiushixunshiz05","9":"product_tag-epirb","10":"product_tag-weixingjinjiwuxiandianshiweibiao","11":"product_tag-shiweibiao","12":"description-off","14":"first","15":"instock","16":"taxable","17":"shipping-taxable","18":"purchasable","19":"product-type-simple"},"_links":{"self":[{"href":"http:\/\/www.erun-tech.com\/vi\/wp-json\/wp\/v2\/product\/2469","targetHints":{"allow":["GET"]}}],"collection":[{"href":"http:\/\/www.erun-tech.com\/vi\/wp-json\/wp\/v2\/product"}],"about":[{"href":"http:\/\/www.erun-tech.com\/vi\/wp-json\/wp\/v2\/types\/product"}],"replies":[{"embeddable":true,"href":"http:\/\/www.erun-tech.com\/vi\/wp-json\/wp\/v2\/comments?post=2469"}],"wp:featuredmedia":[{"embeddable":true,"href":"http:\/\/www.erun-tech.com\/vi\/wp-json\/wp\/v2\/media\/14210"}],"wp:attachment":[{"href":"http:\/\/www.erun-tech.com\/vi\/wp-json\/wp\/v2\/media?parent=2469"}],"wp:term":[{"taxonomy":"product_brand","embeddable":true,"href":"http:\/\/www.erun-tech.com\/vi\/wp-json\/wp\/v2\/product_brand?post=2469"},{"taxonomy":"product_cat","embeddable":true,"href":"http:\/\/www.erun-tech.com\/vi\/wp-json\/wp\/v2\/product_cat?post=2469"},{"taxonomy":"product_tag","embeddable":true,"href":"http:\/\/www.erun-tech.com\/vi\/wp-json\/wp\/v2\/product_tag?post=2469"}],"curies":[{"name":"wp","href":"https:\/\/api.w.org\/{rel}","templated":true}]}}