{"id":2547,"date":"2019-07-12T22:33:13","date_gmt":"2019-07-12T14:33:13","guid":{"rendered":"http:\/\/www.eruntec.com\/?post_type=product&#038;p=2547"},"modified":"2024-03-27T22:18:55","modified_gmt":"2024-03-27T14:18:55","slug":"jinjitaoshengyonghuxizhuangzhiebbd","status":"publish","type":"product","link":"http:\/\/www.erun-tech.com\/vi\/product\/jinjitaoshengyonghuxizhuangzhiebbd","title":{"rendered":"Thi\u1ebft b\u1ecb th\u1edf kh\u1ea9n c\u1ea5p EBBD"},"content":{"rendered":"<h2 style=\"text-align: center;\"><span data-spm-anchor-id=\"a261y.7663282.descBanner.i0.257638fc8YE3Fr\">Thi\u1ebft b\u1ecb th\u1edf kh\u1ea9n c\u1ea5p EBBD<\/span><\/h2>\n<div><strong>C\u01a1 s\u1edf ph\u00e1p l\u00fd: \"Quy \u0111\u1ecbnh v\u1ec1 qu\u1ea3n l\u00fd \u0111\u00e0o t\u1ea1o thuy\u1ec1n vi\u00ean c\u1ee7a C\u1ed9ng h\u00f2a Nh\u00e2n d\u00e2n Trung Hoa\" (Ngh\u1ecb \u0111\u1ecbnh s\u1ed1 5 n\u0103m 2019 c\u1ee7a B\u1ed9 Giao th\u00f4ng V\u1eadn t\u1ea3i)<\/strong><\/div>\n<div><strong>Lo\u1ea1i s\u1ea3n ph\u1ea9m: Ph\u00f2ng th\u1ef1c h\u00e0nh ph\u00f2ng ch\u00e1y ch\u1eefa ch\u00e1y cao c\u1ea5p (Z04)<\/strong><\/div>\n<div><strong>\u4ea7\u54c1\u540d\u79f0\uff1a\u5fc3\u80ba\u590d\u82cf\u6a21\u62df\u4eba<\/strong><\/div>\n<div><strong>\u529f\u80fd\u8981\u6c42\uff1a\u7b26\u5408\u56fd\u9645\u6d88\u9632\u5b89\u5168\u7cfb\u7edf\u89c4\u5219\uff08FSS CODE\uff09\u7b2c\u4e09\u7ae0\u7684\u8981\u6c42\uff0c\u5177\u6709\u8239\u7ea7\u793e\u8bc1\u4e66\u3002\u3002<\/strong><\/div>\n<div><strong>S\u1ed1 l\u01b0\u1ee3ng quy \u0111\u1ecbnh: 4 b\u1ed9<\/strong><\/div>\n<div><\/div>\n<p><span data-spm-anchor-id=\"a261y.7663282.descBanner.i0.257638fc8YE3Fr\">HDF10-I\u578b\u3001THDF15-I\u578b\u7d27\u6025\u9003\u751f\u547c\u5438\u5668(EEBD)\u662f\u6839\u636e\u56fd\u9645\u6d77\u4e8b\u7ec4\u7ec7MSC.98(73)\u51b3\u8bae\u901a\u8fc7\u7684\uff0c\u4e8e2002\u5e747\u67081\u65e5\u6210\u4e3a\u5f3a\u5236\u578b\u8981\u6c42\u7684\u300a\u56fd\u9645\u6d88\u9632\u5b89\u5168\u7cfb\u7edf\u89c4\u5219\u300b\u8bbe\u8ba1\u5236\u9020\u7684\u8239\u7528\u4ea7\u54c1\u3002\u672c\u4ea7\u54c1\u901a\u8fc7\u4e86CCS\u8ba4\u8bc1\uff0c\u6709\u8239\u68c0\u8bc1\u4e66\u3002<\/span><\/p>\n<p>\u5b83\u7531\u538b\u7f29\u7a7a\u6c14\u74f6\u3001\u51cf\u538b\u5668\u3001\u538b\u529b\u8868\u3001\u8f93\u6c14\u5bfc\u7ba1\u3001\u5934\u7f69\u3001\u80cc\u5305\u7b49\u7ec4\u6210\uff0c\u80fd\u63d0\u4f9b\u4e2a\u4eba10\u621615 \u5206\u949f\u4ee5\u4e0a\u7684\u6052\u6d41\u6c14\u4f53\uff0c\u53ef\u4f9b\u5904\u4e8e\u6709\u6bd2\u3001\u6709\u5bb3\u3001\u70df\u96fe\u3001\u7f3a\u6c27\u73af\u5883\u4e2d\u7684\u4eba\u5458\u9003\u751f\u4f7f\u7528\u3002<\/p>\n<p>\u6c14\u74f6\u4e0a\u88c5\u6709\u538b\u529b\u8868\u59cb\u7ec8\u663e\u793a\u6c14\u74f6\u5185\u538b\u529b\u3002\u5934\u7f69\u6216\u5168\u9762\u7f69\u4e0a\u88c5\u6709\u547c\u6c14\u9600\uff0c\u5c06\u4f7f\u7528\u8005\u547c\u51fa\u7684\u6c14\u4f53\u6392\u51fa\u4fdd\u62a4\u7f69\u5916\uff0c\u7531\u4e8e\u4fdd\u62a4\u7f69\u5185\u7684\u6c14\u4f53\u538b\u529b\u5927\u4e8e\u5916\u754c\u73af\u5883\u5927\u6c14\u538b\u529b\uff0c\u6240\u4ee5\u73af\u5883\u6c14\u4f53\u4e0d\u80fd\u8fdb\u5165\u4fdd\u62a4\u7f69\uff0c\u4ece\u800c\u8fbe\u5230\u547c\u5438\u4fdd\u62a4\u7684\u76ee\u7684\u3002\u8be5\u88c5\u7f6e\u4f53\u79ef\u5c0f\uff0c\u53ef\u7531\u4eba\u5458\u968f\u8eab\u643a\u5e26\u4e14\u4e0d\u5f71\u54cd\u4eba\u5458\u7684\u6b63\u5e38\u6d3b\u52a8\u3002\u5176\u7ed3\u6784\u7b80\u5355\uff0c\u64cd\u4f5c\u7b80\u4fbf\uff0c\u4f7f\u7528\u8005\u5728\u672a\u7ecf\u57f9\u8bad\u7684\u60c5\u51b5\u4e0b\uff0c\u7b80\u8981\u9605\u8bfb\u4f7f\u7528\u8bf4\u660e\u540e\u5373\u53ef\u6b63\u786e\u64cd\u4f5c.<\/p>\n<p>&nbsp;<\/p>","protected":false},"excerpt":{"rendered":"<p>Thi\u1ebft b\u1ecb h\u00f4 h\u1ea5p d\u00f9ng trong tr\u01b0\u1eddng h\u1ee3p kh\u1ea9n c\u1ea5p EBBD; C\u1ee5c H\u00e0ng h\u1ea3i y\u00eau c\u1ea7u trang b\u1ecb 4 b\u1ed9.<\/p>","protected":false},"featured_media":14176,"comment_status":"open","ping_status":"closed","template":"","meta":[],"product_brand":[],"product_cat":[33,322,35],"product_tag":[114,113,115],"class_list":{"0":"post-2547","1":"product","2":"type-product","3":"status-publish","4":"has-post-thumbnail","6":"product_cat-jibenanquanshixunshiz01","7":"product_cat-haishangjiaotonganquanjinengpeixun","8":"product_cat-gaojixiaofangshixunshiz04","9":"product_tag-ebbd","10":"product_tag-jinjitaoshengyonghuxizhuangzhi","11":"product_tag-gaojixiaofangshixunshi","12":"description-off","14":"first","15":"instock","16":"taxable","17":"shipping-taxable","18":"purchasable","19":"product-type-simple"},"_links":{"self":[{"href":"http:\/\/www.erun-tech.com\/vi\/wp-json\/wp\/v2\/product\/2547","targetHints":{"allow":["GET"]}}],"collection":[{"href":"http:\/\/www.erun-tech.com\/vi\/wp-json\/wp\/v2\/product"}],"about":[{"href":"http:\/\/www.erun-tech.com\/vi\/wp-json\/wp\/v2\/types\/product"}],"replies":[{"embeddable":true,"href":"http:\/\/www.erun-tech.com\/vi\/wp-json\/wp\/v2\/comments?post=2547"}],"wp:featuredmedia":[{"embeddable":true,"href":"http:\/\/www.erun-tech.com\/vi\/wp-json\/wp\/v2\/media\/14176"}],"wp:attachment":[{"href":"http:\/\/www.erun-tech.com\/vi\/wp-json\/wp\/v2\/media?parent=2547"}],"wp:term":[{"taxonomy":"product_brand","embeddable":true,"href":"http:\/\/www.erun-tech.com\/vi\/wp-json\/wp\/v2\/product_brand?post=2547"},{"taxonomy":"product_cat","embeddable":true,"href":"http:\/\/www.erun-tech.com\/vi\/wp-json\/wp\/v2\/product_cat?post=2547"},{"taxonomy":"product_tag","embeddable":true,"href":"http:\/\/www.erun-tech.com\/vi\/wp-json\/wp\/v2\/product_tag?post=2547"}],"curies":[{"name":"wp","href":"https:\/\/api.w.org\/{rel}","templated":true}]}}