{"id":2562,"date":"2019-07-12T23:05:17","date_gmt":"2019-07-12T15:05:17","guid":{"rendered":"http:\/\/www.eruntec.com\/?post_type=product&#038;p=2562"},"modified":"2024-03-27T21:16:09","modified_gmt":"2024-03-27T13:16:09","slug":"chuanbogaobeipaomomiehuoxitong","status":"publish","type":"product","link":"http:\/\/www.erun-tech.com\/vi\/product\/chuanbogaobeipaomomiehuoxitong","title":{"rendered":"H\u1ec7 th\u1ed1ng ch\u1eefa ch\u00e1y b\u1eb1ng b\u1ecdt cao \u00e1p cho t\u00e0u bi\u1ec3n"},"content":{"rendered":"<h2 style=\"text-align: center;\">H\u1ec7 th\u1ed1ng ch\u1eefa ch\u00e1y b\u1eb1ng b\u1ecdt cao \u00e1p cho t\u00e0u bi\u1ec3n<\/h2>\n<p>&nbsp;<\/p>\n<p><strong>C\u01a1 s\u1edf ph\u00e1p l\u00fd: \"Quy \u0111\u1ecbnh v\u1ec1 qu\u1ea3n l\u00fd \u0111\u00e0o t\u1ea1o thuy\u1ec1n vi\u00ean c\u1ee7a C\u1ed9ng h\u00f2a Nh\u00e2n d\u00e2n Trung Hoa\" (Ngh\u1ecb \u0111\u1ecbnh s\u1ed1 5 n\u0103m 2019 c\u1ee7a B\u1ed9 Giao th\u00f4ng V\u1eadn t\u1ea3i)<\/strong><br \/>\n<strong>Ph\u00e2n lo\u1ea1i s\u1ea3n ph\u1ea9m: Ph\u00f2ng th\u1ef1c h\u00e0nh an to\u00e0n c\u01a1 b\u1ea3n (Z01)<\/strong><br \/>\n<strong>T\u00ean s\u1ea3n ph\u1ea9m: H\u1ec7 th\u1ed1ng ch\u1eefa ch\u00e1y b\u1eb1ng b\u1ecdt cao \u00e1p cho t\u00e0u bi\u1ec3n<\/strong><br \/>\n<strong>Y\u00eau c\u1ea7u ch\u1ee9c n\u0103ng: C\u00f3 th\u1ec3 \u0111\u00e1p \u1ee9ng y\u00eau c\u1ea7u hu\u1ea5n luy\u1ec7n thao t\u00e1c v\u00e0o v\u00e0 \u0111i qua khoang ch\u1ee9a \u0111\u1ea7y b\u1ecdt m\u00e0 kh\u00f4ng c\u1ea7n \u0111eo m\u1eb7t n\u1ea1 ph\u00f2ng \u0111\u1ed9c.<\/strong><br \/>\n<strong>S\u1ed1 l\u01b0\u1ee3ng quy \u0111\u1ecbnh: 1 b\u1ed9<\/strong><\/p>\n<p>&nbsp;<\/p>\n<p>1.1 N\u1ed9i dung ch\u1ee7 \u0111\u1ec1<\/p>\n<p>H\u1ee3p \u0111\u1ed3ng n\u00e0y quy \u0111\u1ecbnh c\u00e1c thi\u1ebft b\u1ecb ph\u00f2ng ch\u00e1y ch\u1eefa ch\u00e1y tr\u00ean t\u00e0u: thi\u1ebft b\u1ecb tr\u1ed9n t\u1ef7 l\u1ec7 b\u1ecdt \u00e1p l\u1ef1c, s\u00fang phun b\u1ecdt kh\u00ed \u0111i\u1ec1u ch\u1ec9nh \u0111\u01b0\u1ee3c, s\u00fang phun b\u1ecdt, c\u00e1c y\u00eau c\u1ea7u k\u1ef9 thu\u1eadt, quy \u0111\u1ecbnh v\u1ec1 b\u1ea3o \u0111\u1ea3m ch\u1ea5t l\u01b0\u1ee3ng v\u00e0 t\u00ecnh tr\u1ea1ng k\u1ef9 thu\u1eadt khi giao h\u00e0ng.<\/p>\n<p>1.2 Th\u1ecfa thu\u1eadn n\u00e0y l\u00e0 c\u01a1 s\u1edf k\u1ef9 thu\u1eadt c\u1ee7a h\u1ee3p \u0111\u1ed3ng \u0111\u1eb7t h\u00e0ng v\u00e0 \u0111\u01b0\u1ee3c coi l\u00e0 ph\u1ee5 l\u1ee5c c\u1ee7a h\u1ee3p \u0111\u1ed3ng.<\/p>\n<ol start=\"2\">\n<li>Y\u00eau c\u1ea7u k\u1ef9 thu\u1eadt<\/li>\n<\/ol>\n<p>Thi\u1ebft b\u1ecb n\u00e0y ph\u1ea3i tu\u00e2n th\u1ee7 Ti\u00eau chu\u1ea9n ph\u00e2n lo\u1ea1i v\u00e0 x\u00e2y d\u1ef1ng t\u00e0u bi\u1ec3n b\u1eb1ng th\u00e9p \u201cCCS\u201d phi\u00ean b\u1ea3n 2009, \u0111\u1ed3ng th\u1eddi ph\u1ea3i \u0111\u00e1p \u1ee9ng c\u00e1c y\u00eau c\u1ea7u c\u1ee7a C\u00f4ng \u01b0\u1edbc \u201cSOLAS\u201d phi\u00ean b\u1ea3n 2010 v\u00e0 c\u00e1c s\u1eeda \u0111\u1ed5i n\u0103m 2003, c\u0169ng nh\u01b0 c\u00e1c quy \u0111\u1ecbnh qu\u1ed1c t\u1ebf v\u1ec1 h\u1ec7 th\u1ed1ng an to\u00e0n ph\u00f2ng ch\u00e1y ch\u1eefa ch\u00e1y.<\/p>\n<ul>\n<li>Ch\u1ec9 s\u1ed1 hi\u1ec7u su\u1ea5t ch\u00ednh<\/li>\n<\/ul>\n<p>2.1.1 Thi\u1ebft b\u1ecb tr\u1ed9n t\u1ef7 l\u1ec7 b\u1ecdt \u00e1p l\u1ef1c<\/p>\n<p>M\u1eabu: PHYML32<\/p>\n<p>Dung t\u00edch b\u1ed3n ch\u1ee9a: 2000L<\/p>\n<p>Ph\u1ea1m vi \u00e1p su\u1ea5t l\u00e0m vi\u1ec7c: 0,6MPa\uff5e1,2MPa<\/p>\n<p>T\u1ef7 l\u1ec7 tr\u1ed9n: 3%<\/p>\n<p>\u0110\u01b0\u1eddng k\u00ednh \u1ed1ng nh\u1eadp kh\u1ea9u v\u00e0 xu\u1ea5t kh\u1ea9u: DN100<\/p>\n<p>Ph\u1ea1m vi l\u01b0u l\u01b0\u1ee3ng c\u1ee7a b\u1ed9 tr\u1ed9n t\u1ef7 l\u1ec7: 16L\/s\uff5e64L\/s<\/p>\n<p>\u00c1p su\u1ea5t \u0111\u1ea7u v\u00e0o c\u1ee7a b\u1ed9 tr\u1ed9n t\u1ef7 l\u1ec7: 1,0MPa<\/p>\n<p>2.1.2 T\u00ean: S\u00fang phun b\u1ecdt<\/p>\n<p>M\u1eabu: PL24<\/p>\n<p>\u00c1p su\u1ea5t \u0111\u1ecbnh m\u1ee9c: 0,5 MPa<\/p>\n<p>L\u01b0u l\u01b0\u1ee3ng: 24L\/s = 1140L\/min<\/p>\n<p>Ch\u1ea5t li\u1ec7u: Th\u00e9p kh\u00f4ng g\u1ec9<\/p>\n<p>T\u1ea7m b\u1eafn: \u226540m<\/p>\n<p>K\u00edch th\u01b0\u1edbc c\u1ed5ng k\u1ebft n\u1ed1i: DN80<\/p>\n<p>C\u00e1ch v\u1eadn h\u00e0nh: V\u1eadn h\u00e0nh b\u1eb1ng tay<\/p>\n<p>Xoay ngang: 360\u00b0,<\/p>\n<p>G\u00f3c nghi\u00eang: \u2264-30\u00b0\uff5e\u2265+60\u00b0;<\/p>\n<p>Flange pairing<\/p>\n<p>2.1.3 T\u00ean: S\u00fang b\u1ecdt kh\u00ed<\/p>\n<p>M\u1eabu: PQ8.C<\/p>\n<p>Ph\u1ea1m vi \u00e1p su\u1ea5t l\u00e0m vi\u1ec7c: 0,2-0,5MPa<\/p>\n<p>L\u01b0u l\u01b0\u1ee3ng: L\u01b0u l\u01b0\u1ee3ng 8L\/s, 0,5MPa<\/p>\n<p>T\u1ea7m b\u1eafn: \u226520m<\/p>\n<p>C\u00e1ch k\u1ebft n\u1ed1i: \u0110\u1ea7u n\u1ed1i ren \u1ed1ng DN65<\/p>\n<ol start=\"3\">\n<li>Ph\u1ea1m vi cung c\u1ea5p:<\/li>\n<\/ol>\n<table>\n<tbody>\n<tr>\n<td width=\"41\">S\u1ed1 th\u1ee9 t\u1ef1<\/td>\n<td width=\"139\">T\u00ean<\/td>\n<td width=\"96\">Th\u00f4ng s\u1ed1 k\u1ef9 thu\u1eadt<\/td>\n<td width=\"48\">\u0111\u01a1n v\u1ecb<\/td>\n<td width=\"48\">S\u1ed1 l\u01b0\u1ee3ng<\/td>\n<td width=\"255\">Ghi ch\u00fa<\/td>\n<\/tr>\n<tr>\n<td width=\"41\">1<\/td>\n<td width=\"139\">Thi\u1ebft b\u1ecb tr\u1ed9n t\u1ef7 l\u1ec7 \u00e1p l\u1ef1c<\/td>\n<td width=\"96\">PHYML32<\/td>\n<td width=\"48\">\u5957<\/td>\n<td width=\"48\">1<\/td>\n<td width=\"255\">B\u1ed9 thi\u1ebft b\u1ecb bao g\u1ed3m: B\u1ed3n ch\u1ee9a n\u1eb1m ngang, b\u1ed9 tr\u1ed9n t\u1ef7 l\u1ec7, v\u1ecf b\u1ecdc, van v\u00e0 ph\u1ee5 ki\u1ec7n \u1ed1ng, cung c\u1ea5p m\u1eb7t b\u00edch gh\u00e9p n\u1ed1i, v.v.                                               Dung t\u00edch b\u1ed3n ch\u1ee9a dung d\u1ecbch b\u1ecdt n\u1eb1m ngang: 2000L                           B\u1ed9 tr\u1ed9n t\u1ef7 l\u1ec7:T\u1ef7 l\u1ec7 tr\u1ed9n 3%, l\u01b0u l\u01b0\u1ee3ng 16L\/s\uff5e64L\/s, \u0111\u01b0\u1eddng k\u00ednh \u0111\u1ea7u v\u00e0o v\u00e0 \u0111\u1ea7u ra: DN100             Ch\u1ea5t li\u1ec7u: h\u1ee3p kim \u0111\u1ed3ng;Ph\u1ea1m vi \u00e1p su\u1ea5t l\u00e0m vi\u1ec7c 0,6MPa\uff5e1,2MPa, \u00e1p su\u1ea5t n\u01b0\u1edbc ch\u1eefa ch\u00e1y 1,0MPa                                          V\u1eadt li\u1ec7u b\u1ed3n ch\u1ee9a: 16MnR, b\u1ec1 m\u1eb7t b\u1ed3n ch\u1ee9a \u0111\u01b0\u1ee3c s\u01a1n ch\u1ed1ng g\u1ec9 m\u00e0u \u0111\u1ecf                                Cung c\u1ea5p ch\u1ee9ng ch\u1ec9 ki\u1ec3m tra t\u00e0u CCS<\/td>\n<\/tr>\n<tr>\n<td width=\"41\">2<\/td>\n<td width=\"139\">s\u00fang phun b\u1ecdt<\/td>\n<td width=\"96\">PL24<\/td>\n<td width=\"48\">\u5957<\/td>\n<td width=\"48\">5<\/td>\n<td width=\"255\">\u00c1p su\u1ea5t \u0111\u1ecbnh m\u1ee9c: 0,5MPa, l\u01b0u l\u01b0\u1ee3ng: 24L\/s, t\u1ea7m b\u1eafn \u226540m; \u0111\u01b0\u1eddng k\u00ednh \u1ed1ng nh\u1eadp kh\u1ea9u: DN80<\/td>\n<\/tr>\n<tr>\n<td width=\"41\">3<\/td>\n<td width=\"139\">S\u00fang b\u1ecdt<\/td>\n<td width=\"96\">PQ8.C<\/td>\n<td width=\"48\">\u53ea<\/td>\n<td width=\"48\">4<\/td>\n<td width=\"255\">L\u01b0u l\u01b0\u1ee3ng \u0111\u1ecbnh m\u1ee9c: 8L\/s, \u00c1p su\u1ea5t l\u00e0m vi\u1ec7c \u0111\u1ecbnh m\u1ee9c: 0.5MPa, T\u1ea7m b\u1eafn \u226520m<\/td>\n<\/tr>\n<\/tbody>\n<\/table>\n<ol start=\"4\">\n<li>Chu\u1ea9n b\u1ecb giao h\u00e0ng<\/li>\n<\/ol>\n<p>4.1  \u0110\u00f3ng g\u00f3i:<\/p>\n<p>Sau khi ho\u00e0n th\u00e0nh th\u1eed nghi\u1ec7m t\u1ea1i nh\u00e0 m\u00e1y, thi\u1ebft b\u1ecb s\u1ebd \u0111\u01b0\u1ee3c th\u00e1o kh\u1ecfi b\u00e0n th\u1eed nghi\u1ec7m, ti\u1ebfn h\u00e0nh v\u1ec7 sinh v\u00e0 s\u1ea5y kh\u00f4, sau \u0111\u00f3 b\u1ecbt k\u00edn c\u00e1c c\u1ed5ng k\u1ebft n\u1ed1i. T\u1ea5t c\u1ea3 c\u00e1c b\u1ec1 m\u1eb7t kim lo\u1ea1i ch\u01b0a s\u01a1n \u0111\u1ec1u \u0111\u01b0\u1ee3c b\u1ea3o v\u1ec7 b\u1eb1ng l\u1edbp ph\u1ee7 d\u1ea7u (th\u1eddi h\u1ea1n hi\u1ec7u l\u1ef1c 12 th\u00e1ng).<\/p>\n<p>Vi\u1ec7c \u0111\u00f3ng g\u00f3i thi\u1ebft b\u1ecb n\u00e0y ph\u1ea3i tu\u00e2n th\u1ee7 c\u00e1c quy \u0111\u1ecbnh \u0111\u00f3ng g\u00f3i c\u00f3 li\u00ean quan.<\/p>\n<p>4.2 V\u1eadn chuy\u1ec3n: Vi\u1ec7c v\u1eadn chuy\u1ec3n thi\u1ebft b\u1ecb n\u00e0y ph\u1ea3i tu\u00e2n th\u1ee7 nghi\u00eam ng\u1eb7t c\u00e1c y\u00eau c\u1ea7u v\u1eadn chuy\u1ec3n.<\/p>\n<ol start=\"5\">\n<li>Quy \u0111\u1ecbnh v\u1ec1 \u0111\u1ea3m b\u1ea3o ch\u1ea5t l\u01b0\u1ee3ng<\/li>\n<\/ol>\n<p>5.1 Th\u1eed nghi\u1ec7m v\u00e0 nghi\u1ec7m thu<\/p>\n<p>Ti\u00eau chu\u1ea9n th\u1ef1c hi\u1ec7n th\u1eed nghi\u1ec7m v\u00e0 nghi\u1ec7m thu s\u1ea3n ph\u1ea9m l\u00e0: CB\/T3571-93, v\u00e0 c\u1ea5p b\u00e1o c\u00e1o th\u1eed nghi\u1ec7m.<\/p>\n<p>b  T\u00e0i li\u1ec7u \u0111i k\u00e8m s\u1ea3n ph\u1ea9m khi xu\u1ea5t x\u01b0\u1edfng:<\/p>\n<p>B\u1ea3n v\u1ebd t\u1ed5ng th\u1ec3 thi\u1ebft b\u1ecb<\/p>\n<p>H\u01b0\u1edbng d\u1eabn s\u1eed d\u1ee5ng thi\u1ebft b\u1ecb<\/p>\n<p>T\u00e0i li\u1ec7u k\u1ef9 thu\u1eadt c\u1ee7a thi\u1ebft b\u1ecb<\/p>\n<p>Gi\u1ea5y ch\u1ee9ng nh\u1eadn h\u1ee3p l\u1ec7 c\u1ee7a thi\u1ebft b\u1ecb<\/p>\n<p>M\u00e1c: Ti\u1ebfng Trung Qu\u1ed1c Th\u00e9p kh\u00f4ng g\u1ec9<\/p>\n<p>c  T\u00e0i li\u1ec7u<\/p>\n<p>d  T\u1ec7p ng\u1eabu nhi\u00ean l\u00e0:<\/p>\n<p>Gi\u1ea5y ch\u1ee9ng nh\u1eadn ki\u1ec3m \u0111\u1ecbnh t\u00e0u CCS (1 b\u1ea3n ch\u00ednh v\u00e0 3 b\u1ea3n sao) (thi\u1ebft b\u1ecb tr\u1ed9n t\u1ef7 l\u1ec7 \u00e1p su\u1ea5t), b\u1ea3n sao gi\u1ea5y ch\u1ee9ng nh\u1eadn CCS c\u1ee7a s\u00fang phun b\u1ecdt v\u00e0 s\u00fang phun b\u1ecdt, 4 b\u1ea3n gi\u1ea5y ch\u1ee9ng nh\u1eadn s\u1ea3n ph\u1ea9m \u0111\u1ea1t ti\u00eau chu\u1ea9n, 6 b\u1ea3n h\u01b0\u1edbng d\u1eabn s\u1eed d\u1ee5ng, 6 b\u1ed9 b\u1ea3n v\u1ebd ho\u00e0n c\u00f4ng.<\/p>\n<p>5.2  Th\u1eddi h\u1ea1n b\u1ea3o h\u00e0nh ch\u1ea5t l\u01b0\u1ee3ng c\u1ee7a b\u1ed9 thi\u1ebft b\u1ecb n\u00e0y: m\u1ed9t n\u0103m k\u1ec3 t\u1eeb ng\u00e0y b\u00e0n giao t\u00e0u.<\/p>\n<p>5.3 Trong th\u1eddi gian ch\u1ea1y th\u1eed thi\u1ebft b\u1ecb nh\u00e0 m\u00e1y \u0111\u00f3ng t\u00e0u, B\u00ean A s\u1ebd c\u1eed nh\u00e2n vi\u00ean cung c\u1ea5p d\u1ecbch v\u1ee5 mi\u1ec5n ph\u00ed trong m\u1ed9t tu\u1ea7n, ho\u00e0n th\u00e0nh vi\u1ec7c ch\u1ea1y th\u1eed v\u00e0 ph\u1ed1i h\u1ee3p v\u1edbi nh\u00e0 m\u00e1y \u0111\u00f3ng t\u00e0u \u0111\u1ec3 b\u00e0n giao t\u00e0u.<\/p>\n<p>5.4  C\u00e1c v\u1ea5n \u0111\u1ec1 kh\u00e1c ch\u01b0a \u0111\u01b0\u1ee3c \u0111\u1ec1 c\u1eadp s\u1ebd \u0111\u01b0\u1ee3c quy\u1ebft \u0111\u1ecbnh th\u00f4ng qua th\u1ecfa thu\u1eadn gi\u1eefa hai b\u00ean.<\/p>\n<p>5.5\u3001H\u1ee3p \u0111\u1ed3ng n\u00e0y \u0111\u01b0\u1ee3c l\u1eadp th\u00e0nh ba b\u1ea3n, m\u1ed7i b\u00ean gi\u1eef m\u1ed9t b\u1ea3n.<\/p>\n<p>&nbsp;<\/p>\n<div class=\"e_box d_DescriptionBigbox p_DescriptionBigbox borderT_default\" data-ename=\"\u9875\u7b7e\u5185\u5bb9\u533a\">\n<div id=\"contentDiv\" class=\"e_box d_DescribeContent p_DescribeContent\" data-ename=\"\u63cf\u8ff0\u5185\u5bb9\u533a\">\n<div class=\"e_HtmlEditor d_description\">\n<p>\u00c1p d\u1ee5ng cho t\u1ea5t c\u1ea3 c\u00e1c n\u1ec1n t\u1ea3ng tr\u1ef1c th\u0103ng, t\u00e0u ch\u1edf h\u00f3a ch\u1ea5t, t\u00e0u ch\u1edf d\u1ea7u, t\u00e0u ch\u1edf nh\u1ef1a \u0111\u01b0\u1eddng<\/p>\n<p><img decoding=\"async\" class=\"alignnone size-full wp-image-14146\" src=\"http:\/\/www.erun-tech.com\/wp-content\/uploads\/2022\/03\/c7efb729-4eae-4153-ab7f-d6816b2d5461.jpg\" width=\"458\" height=\"369\" srcset=\"http:\/\/www.erun-tech.com\/wp-content\/uploads\/2022\/03\/c7efb729-4eae-4153-ab7f-d6816b2d5461.jpg 458w, http:\/\/www.erun-tech.com\/wp-content\/uploads\/2022\/03\/c7efb729-4eae-4153-ab7f-d6816b2d5461-300x242.jpg 300w\" sizes=\"(max-width: 458px) 100vw, 458px\" title=\"\u8239\u8236\u9ad8\u500d\u6ce1\u6cab\u706d\u706b\u7cfb\u7edf\u63d2\u56fe\" alt=\"\u8239\u8236\u9ad8\u500d\u6ce1\u6cab\u706d\u706b\u7cfb\u7edf\u63d2\u56fe\" \/><\/p>\n<p><strong>\u30001\u3001PHYM series pressure-stored foam fire extinguishing device<br \/>\nNguy\u00ean l\u00fd ho\u1ea1t \u0111\u1ed9ng c\u1ee7a b\u00ecnh ch\u1ee9a b\u1ecdt \u00e1p su\u1ea5t:<\/strong><br \/>\nKh\u1edfi \u0111\u1ed9ng b\u01a1m ch\u1eefa ch\u00e1y, n\u01b0\u1edbc \u00e1p l\u1ef1c \u0111\u01b0\u1ee3c \u0111\u01b0a v\u00e0o b\u1ed3n ch\u1ee9a. Khi \u00e1p l\u1ef1c trong b\u1ed3n ch\u1ee9a t\u0103ng l\u00ean \u0111\u1ebfn m\u1ee9c c\u00e2n b\u1eb1ng v\u1edbi \u00e1p l\u1ef1c c\u1ee7a \u0111\u01b0\u1eddng \u1ed1ng ch\u00ednh, dung d\u1ecbch b\u1ecdt trong t\u00fai b\u1ecdt s\u1ebd b\u1ecb \u00e9p b\u1edfi \u00e1p l\u1ef1c n\u01b0\u1edbc trong b\u1ed3n ch\u1ee9a, \u0111i v\u00e0o \u0111\u01b0\u1eddng \u1ed1ng tr\u1ed9n v\u00e0 k\u1ebft h\u1ee3p v\u1edbi n\u01b0\u1edbc \u00e1p l\u1ef1c theo t\u1ef7 l\u1ec7 nh\u1ea5t \u0111\u1ecbnh \u0111\u1ec3 t\u1ea1o th\u00e0nh h\u1ed7n h\u1ee3p b\u1ecdt. H\u1ed7n h\u1ee3p n\u00e0y sau \u0111\u00f3 \u0111\u01b0\u1ee3c \u0111\u01b0a \u0111\u1ebfn \u0111\u1ea7u cu\u1ed1i c\u1ee7a \u0111\u01b0\u1eddng \u1ed1ng v\u00e0 \u0111\u01b0\u1ee3c phun ra khu v\u1ef1c c\u1ea7n b\u1ea3o v\u1ec7 th\u00f4ng qua s\u00fang phun b\u1ecdt ho\u1eb7c s\u00fang ch\u1eefa ch\u00e1y.<br \/>\nThi\u1ebft b\u1ecb ch\u1eefa ch\u00e1y b\u1eb1ng b\u1ecdt bao g\u1ed3m c\u00e1c thi\u1ebft b\u1ecb c\u1ed1 \u0111\u1ecbnh nh\u01b0 thi\u1ebft b\u1ecb ch\u1eefa ch\u00e1y b\u1eb1ng b\u1ecdt ki\u1ec3u b\u01a1m v\u00f2ng, thi\u1ebft b\u1ecb ch\u1eefa ch\u00e1y b\u1eb1ng b\u1ecdt \u00e1p l\u1ef1c d\u1ef1 tr\u1eef v\u00e0 thi\u1ebft b\u1ecb ch\u1eefa ch\u00e1y b\u1eb1ng b\u1ecdt c\u00e2n b\u1eb1ng. Lo\u1ea1i \u0111\u1ea7u ti\u00ean l\u00e0 n\u01b0\u1edbc v\u00e0 dung d\u1ecbch b\u1ecdt \u0111\u01b0\u1ee3c tr\u1ed9n tr\u1ef1c ti\u1ebfp trong b\u00ecnh ch\u1ee9a b\u1ecdt, hi\u1ec7n nay \u00edt \u0111\u01b0\u1ee3c s\u1eed d\u1ee5ng. Hai lo\u1ea1i sau l\u00e0 n\u01b0\u1edbc v\u00e0 dung d\u1ecbch b\u1ecdt \u0111\u01b0\u1ee3c tr\u1ed9n trong b\u1ed9 tr\u1ed9n t\u1ef7 l\u1ec7, hi\u1ec7n nay \u0111\u01b0\u1ee3c s\u1eed d\u1ee5ng ph\u1ed5 bi\u1ebfn tr\u00ean t\u00e0u.<\/p>\n<p><img decoding=\"async\" class=\"alignnone size-full wp-image-14147\" src=\"http:\/\/www.erun-tech.com\/wp-content\/uploads\/2022\/03\/b9d25006-a0fa-4c9a-bf27-4a5889704356.jpg\" width=\"432\" height=\"323\" srcset=\"http:\/\/www.erun-tech.com\/wp-content\/uploads\/2022\/03\/b9d25006-a0fa-4c9a-bf27-4a5889704356.jpg 432w, http:\/\/www.erun-tech.com\/wp-content\/uploads\/2022\/03\/b9d25006-a0fa-4c9a-bf27-4a5889704356-300x224.jpg 300w\" sizes=\"(max-width: 432px) 100vw, 432px\" title=\"\u8239\u8236\u9ad8\u500d\u6ce1\u6cab\u706d\u706b\u7cfb\u7edf\u63d2\u56fe1\" alt=\"\u8239\u8236\u9ad8\u500d\u6ce1\u6cab\u706d\u706b\u7cfb\u7edf\u63d2\u56fe1\" \/><\/p>\n<p><strong>Nguy\u00ean l\u00fd ho\u1ea1t \u0111\u1ed9ng b\u00ean trong b\u00ecnh b\u1ecdt<\/strong><br \/>\nKi\u1ec3m tra b\u1ea3o tr\u00ec ch\u1ee7 y\u1ebfu bao g\u1ed3m c\u00e1c \u0111i\u1ec3m sau:<br \/>\n1) Ki\u1ec3m tra ch\u1ea5t l\u1ecfng t\u1ea1o b\u1ecdt c\u00f3 \u0111\u1ea1t ti\u00eau chu\u1ea9n hay kh\u00f4ng, do nh\u00e0 s\u1ea3n xu\u1ea5t chuy\u00ean nghi\u1ec7p ho\u1eb7c b\u00ean th\u1ee9 ba th\u1ef1c hi\u1ec7n.<br \/>\nN\u1ebfu h\u1ebft h\u1ea1n s\u1eed d\u1ee5ng, h\u00e3y n\u1ea1p l\u1ea1i dung d\u1ecbch t\u1ea1o b\u1ecdt. Ki\u1ec3m tra l\u1ea7n \u0111\u1ea7u ti\u00ean \u0111\u01b0\u1ee3c th\u1ef1c hi\u1ec7n sau 3 n\u0103m k\u1ec3 t\u1eeb ng\u00e0y n\u1ea1p ban \u0111\u1ea7u, sau \u0111\u00f3 l\u1ea5y m\u1eabu ki\u1ec3m tra ng\u1eabu nhi\u00ean h\u00e0ng n\u0103m.<br \/>\nL\u01b0u \u00fd: Ph\u1ea3i r\u1eeda s\u1ea1ch t\u00fai da tr\u01b0\u1edbc khi thay dung d\u1ecbch b\u1ecdt.<br \/>\n2) Tu\u1ed5i th\u1ecd c\u1ee7a t\u00fai kh\u00ed th\u00f4ng th\u01b0\u1eddng l\u00e0 5 n\u0103m. Khi \u0111\u1ebfn th\u1eddi h\u1ea1n s\u1eed d\u1ee5ng, c\u1ea7n ti\u1ebfn h\u00e0nh ki\u1ec3m tra \u0111\u1ed9 k\u00edn kh\u00ed \u0111\u1ec3 x\u00e1c \u0111\u1ecbnh xem t\u00fai kh\u00ed c\u00f3 c\u1ea7n thay th\u1ebf hay kh\u00f4ng.<br \/>\n3) Ki\u1ec3m tra xem van \u0111i\u1ec1u khi\u1ec3n ch\u00ednh c\u00f3 ho\u1ea1t \u0111\u1ed9ng linh ho\u1ea1t v\u00e0 tr\u01a1n tru hay kh\u00f4ng.<br \/>\n4) Sau khi ki\u1ec3m tra xong, h\u00e3y kh\u00f4i ph\u1ee5c h\u1ec7 th\u1ed1ng v\u1ec1 tr\u1ea1ng th\u00e1i ho\u00e0n h\u1ea3o.<\/p>\n<p><img decoding=\"async\" class=\"alignnone size-full wp-image-14148\" src=\"http:\/\/www.erun-tech.com\/wp-content\/uploads\/2022\/03\/92c0e0be-9fd9-4c00-8081-d2cb5318288b.jpg\" width=\"493\" height=\"490\" srcset=\"http:\/\/www.erun-tech.com\/wp-content\/uploads\/2022\/03\/92c0e0be-9fd9-4c00-8081-d2cb5318288b.jpg 493w, http:\/\/www.erun-tech.com\/wp-content\/uploads\/2022\/03\/92c0e0be-9fd9-4c00-8081-d2cb5318288b-200x200.jpg 200w, http:\/\/www.erun-tech.com\/wp-content\/uploads\/2022\/03\/92c0e0be-9fd9-4c00-8081-d2cb5318288b-300x298.jpg 300w, http:\/\/www.erun-tech.com\/wp-content\/uploads\/2022\/03\/92c0e0be-9fd9-4c00-8081-d2cb5318288b-150x150.jpg 150w\" sizes=\"(max-width: 493px) 100vw, 493px\" title=\"\u8239\u8236\u9ad8\u500d\u6ce1\u6cab\u706d\u706b\u7cfb\u7edf\u63d2\u56fe2\" alt=\"\u8239\u8236\u9ad8\u500d\u6ce1\u6cab\u706d\u706b\u7cfb\u7edf\u63d2\u56fe2\" \/><\/p>\n<p><strong>\u30002\u3001 H\u1ec7 th\u1ed1ng ch\u1eefa ch\u00e1y b\u1eb1ng b\u1ecdt c\u00e2n b\u1eb1ng PHP series<\/strong><br \/>\n<strong>Nguy\u00ean l\u00fd ho\u1ea1t \u0111\u1ed9ng c\u1ee7a h\u1ec7 th\u1ed1ng b\u1ecdt c\u00e2n b\u1eb1ng:<\/strong><br \/>\nKh\u1edfi \u0111\u1ed9ng b\u01a1m ch\u1eefa ch\u00e1y, sau \u0111\u00f3 kh\u1edfi \u0111\u1ed9ng b\u01a1m t\u1ea1o b\u1ecdt. N\u01b0\u1edbc ch\u1eefa ch\u00e1y \u0111\u01b0\u1ee3c \u0111\u01b0a v\u00e0o \u0111\u01b0\u1eddng \u1ed1ng, sau \u0111\u00f3 kh\u1edfi \u0111\u1ed9ng b\u01a1m t\u1ea1o b\u1ecdt. B\u01a1m t\u1ea1o b\u1ecdt s\u1ebd h\u00fat dung d\u1ecbch b\u1ecdt t\u1eeb b\u1ed3n ch\u1ee9a b\u1ecdt \u00e1p su\u1ea5t th\u01b0\u1eddng, sau \u0111\u00f3 tr\u1ed9n v\u1edbi n\u01b0\u1edbc ch\u1eefa ch\u00e1y theo t\u1ef7 l\u1ec7 3% ho\u1eb7c t\u1ef7 l\u1ec7 tr\u1ed9n \u0111\u00e3 c\u00e0i \u0111\u1eb7t th\u00f4ng qua b\u1ed9 tr\u1ed9n t\u1ef7 l\u1ec7 c\u00e2n b\u1eb1ng, r\u1ed3i \u0111\u01b0a v\u00e0o cu\u1ed1i \u0111\u01b0\u1eddng \u1ed1ng. Cu\u1ed1i c\u00f9ng, dung d\u1ecbch tr\u1ed9n \u0111\u01b0\u1ee3c phun v\u00e0o khu v\u1ef1c c\u1ea7n b\u1ea3o v\u1ec7 th\u00f4ng qua s\u00fang phun b\u1ecdt ho\u1eb7c s\u00fang t\u1ea1o b\u1ecdt.<br \/>\nH\u1ec7 th\u1ed1ng n\u00e0y c\u00f3 t\u1ef7 l\u1ec7 tr\u1ed9n \u1ed5n \u0111\u1ecbnh, v\u00ec v\u1eady \u0111\u01b0\u1ee3c nhi\u1ec1u kh\u00e1ch h\u00e0ng cao c\u1ea5p trong v\u00e0 ngo\u00e0i n\u01b0\u1edbc l\u1ef1a ch\u1ecdn.<\/p>\n<p><img decoding=\"async\" class=\"alignnone size-full wp-image-14149\" src=\"http:\/\/www.erun-tech.com\/wp-content\/uploads\/2022\/03\/dbed2a33-345d-45f0-8dd4-3479536a5306.jpg\" width=\"294\" height=\"261\" title=\"\u8239\u8236\u9ad8\u500d\u6ce1\u6cab\u706d\u706b\u7cfb\u7edf\u63d2\u56fe3\" alt=\"\u8239\u8236\u9ad8\u500d\u6ce1\u6cab\u706d\u706b\u7cfb\u7edf\u63d2\u56fe3\" \/><\/p>\n<p><strong>Ki\u1ec3m tra b\u1ea3o tr\u00ec ch\u1ee7 y\u1ebfu bao g\u1ed3m c\u00e1c \u0111i\u1ec3m sau:<\/strong><br \/>\n1) Ki\u1ec3m tra ch\u1ea5t l\u1ecfng t\u1ea1o b\u1ecdt c\u00f3 \u0111\u1ea1t ti\u00eau chu\u1ea9n hay kh\u00f4ng, do nh\u00e0 s\u1ea3n xu\u1ea5t chuy\u00ean nghi\u1ec7p ho\u1eb7c b\u00ean th\u1ee9 ba th\u1ef1c hi\u1ec7n. N\u1ebfu kh\u00f4ng \u0111\u1ea1t ti\u00eau chu\u1ea9n, h\u00e3y n\u1ea1p l\u1ea1i ch\u1ea5t l\u1ecfng t\u1ea1o b\u1ecdt.<br \/>\nKi\u1ec3m tra l\u1ea7n \u0111\u1ea7u ti\u00ean \u0111\u1ed1i v\u1edbi dung d\u1ecbch t\u1ea1o b\u1ecdt \u0111\u01b0\u1ee3c th\u1ef1c hi\u1ec7n sau 3 n\u0103m k\u1ec3 t\u1eeb ng\u00e0y \u0111\u00f3ng g\u00f3i ban \u0111\u1ea7u, sau \u0111\u00f3 l\u1ea5y m\u1eabu ki\u1ec3m tra ng\u1eabu nhi\u00ean h\u00e0ng n\u0103m.<br \/>\nL\u01b0u \u00fd: Vui l\u00f2ng l\u00e0m s\u1ea1ch t\u1ea5t c\u1ea3 c\u00e1c thi\u1ebft b\u1ecb v\u00e0 h\u1ec7 th\u1ed1ng \u1ed1ng tr\u01b0\u1edbc khi thay th\u1ebf ch\u1ea5t l\u1ecfng b\u1ecdt.<br \/>\n2) Ki\u1ec3m tra xem b\u01a1m b\u1ecdt c\u00f3 ho\u1ea1t \u0111\u1ed9ng b\u00ecnh th\u01b0\u1eddng kh\u00f4ng.<br \/>\n\u0110\u00f3ng van x\u1ea3 ch\u1ea5t l\u1ecfng c\u1ee7a b\u00ecnh b\u1ecdt, nh\u1ea5n nh\u1eb9 b\u01a1m b\u1ecdt.<br \/>\n3) Ki\u1ec3m tra xem van \u0111i\u1ec1u khi\u1ec3n ch\u00ednh trong h\u1ec7 th\u1ed1ng b\u1ecdt c\u00f3 ho\u1ea1t \u0111\u1ed9ng linh ho\u1ea1t v\u00e0 tr\u01a1n tru hay kh\u00f4ng.<br \/>\n4) Sau khi ki\u1ec3m tra xong, c\u1ea7n kh\u00f4i ph\u1ee5c t\u00ednh to\u00e0n v\u1eb9n c\u1ee7a h\u1ec7 th\u1ed1ng.<\/p>\n<\/div>\n<\/div>\n<\/div>\n<div class=\"e_box d_nextBox p_nextBox\" data-ename=\"\u7ffb\u9875\u5bb9\u5668\">\n<div class=\"e_box d_nextpage p_nextpage\" data-ename=\"\u4e0a\u4e00\u7bc7\u5bb9\u5668\">\n<div class=\"e_title d_nextName p_nextName\" data-ename=\"\u5f15\u5bfc\u6807\u9898\"><\/div>\n<\/div>\n<\/div>","protected":false},"excerpt":{"rendered":"<p>C\u00f3 th\u1ec3 \u0111\u00e1p \u1ee9ng y\u00eau c\u1ea7u \u0111\u00e0o t\u1ea1o v\u1eadn h\u00e0nh m\u00e0 kh\u00f4ng c\u1ea7n \u0111eo m\u1eb7t n\u1ea1 ph\u00f2ng \u0111\u1ed9c, v\u00e0o v\u00e0 \u0111i qua khoang ch\u1ee9a \u0111\u1ea7y b\u1ecdt. C\u1ee5c H\u00e0ng h\u1ea3i y\u00eau c\u1ea7u trang b\u1ecb m\u1ed9t b\u1ed9. \u0110\u1ec3 \u0111\u00e1p \u1ee9ng y\u00eau c\u1ea7u b\u1ea3o v\u1ec7 m\u00f4i tr\u01b0\u1eddng trong t\u01b0\u01a1ng lai, c\u1ea7n trang b\u1ecb h\u1ec7 th\u1ed1ng thu h\u1ed3i b\u1ecdt. C\u00f4ng ty ch\u00fang t\u00f4i c\u00f3 th\u1ec3 thi\u1ebft k\u1ebf h\u1ec7 th\u1ed1ng thu h\u1ed3i b\u1ecdt theo y\u00eau c\u1ea7u c\u1ee7a qu\u00fd kh\u00e1ch, \u0111\u00e1p \u1ee9ng c\u00e1c ti\u00eau chu\u1ea9n b\u1ea3o v\u1ec7 m\u00f4i tr\u01b0\u1eddng.<\/p>","protected":false},"featured_media":14146,"comment_status":"open","ping_status":"closed","template":"","meta":[],"product_brand":[],"product_cat":[33],"product_tag":[104,102,103],"class_list":{"0":"post-2562","1":"product","2":"type-product","3":"status-publish","4":"has-post-thumbnail","6":"product_cat-jibenanquanshixunshiz01","7":"product_tag-paomomiehuoxitong","8":"product_tag-chuanbogaobeipaomomiehuoxitong","9":"product_tag-gaobeipaomomiehuoxitong","10":"description-off","12":"first","13":"instock","14":"taxable","15":"shipping-taxable","16":"purchasable","17":"product-type-simple"},"_links":{"self":[{"href":"http:\/\/www.erun-tech.com\/vi\/wp-json\/wp\/v2\/product\/2562","targetHints":{"allow":["GET"]}}],"collection":[{"href":"http:\/\/www.erun-tech.com\/vi\/wp-json\/wp\/v2\/product"}],"about":[{"href":"http:\/\/www.erun-tech.com\/vi\/wp-json\/wp\/v2\/types\/product"}],"replies":[{"embeddable":true,"href":"http:\/\/www.erun-tech.com\/vi\/wp-json\/wp\/v2\/comments?post=2562"}],"wp:featuredmedia":[{"embeddable":true,"href":"http:\/\/www.erun-tech.com\/vi\/wp-json\/wp\/v2\/media\/14146"}],"wp:attachment":[{"href":"http:\/\/www.erun-tech.com\/vi\/wp-json\/wp\/v2\/media?parent=2562"}],"wp:term":[{"taxonomy":"product_brand","embeddable":true,"href":"http:\/\/www.erun-tech.com\/vi\/wp-json\/wp\/v2\/product_brand?post=2562"},{"taxonomy":"product_cat","embeddable":true,"href":"http:\/\/www.erun-tech.com\/vi\/wp-json\/wp\/v2\/product_cat?post=2562"},{"taxonomy":"product_tag","embeddable":true,"href":"http:\/\/www.erun-tech.com\/vi\/wp-json\/wp\/v2\/product_tag?post=2562"}],"curies":[{"name":"wp","href":"https:\/\/api.w.org\/{rel}","templated":true}]}}